{"id":145,"date":"2021-02-03T21:52:46","date_gmt":"2021-02-03T21:52:46","guid":{"rendered":"https:\/\/gwendosavons.fr\/?page_id=145"},"modified":"2023-11-30T14:16:06","modified_gmt":"2023-11-30T14:16:06","slug":"points-de-vente","status":"publish","type":"page","link":"https:\/\/gwendosavons.fr\/index.php\/points-de-vente\/","title":{"rendered":"Points de vente"},"content":{"rendered":"\t\t<div data-elementor-type=\"wp-page\" data-elementor-id=\"145\" class=\"elementor elementor-145\">\n\t\t\t\t\t\t\t\t\t<section class=\"elementor-section elementor-top-section elementor-element elementor-element-6207b99 elementor-section-boxed elementor-section-height-default elementor-section-height-default\" data-id=\"6207b99\" data-element_type=\"section\">\n\t\t\t\t\t\t<div class=\"elementor-container elementor-column-gap-default\">\n\t\t\t\t\t<div class=\"elementor-column elementor-col-25 elementor-top-column elementor-element elementor-element-944662a\" data-id=\"944662a\" data-element_type=\"column\">\n\t\t\t<div class=\"elementor-widget-wrap elementor-element-populated\">\n\t\t\t\t\t\t\t\t<div class=\"elementor-element elementor-element-432b18e elementor-position-top elementor-invisible elementor-widget elementor-widget-image-box\" data-id=\"432b18e\" data-element_type=\"widget\" data-settings=\"{&quot;_animation&quot;:&quot;zoomIn&quot;}\" data-widget_type=\"image-box.default\">\n\t\t\t\t<div class=\"elementor-widget-container\">\n\t\t\t<div class=\"elementor-image-box-wrapper\"><figure class=\"elementor-image-box-img\"><a href=\"https:\/\/www.facebook.com\/creafolies40\/?msclkid=74cbcb0cb99811ecb15d25100d904876\" target=\"_blank\" tabindex=\"-1\"><img loading=\"lazy\" decoding=\"async\" width=\"300\" height=\"300\" src=\"https:\/\/gwendosavons.fr\/wp-content\/uploads\/2022\/04\/logo-creaFolie-300x300.png\" class=\"attachment-medium size-medium wp-image-314\" alt=\"Cr\u00e9a&#039;Folies\" srcset=\"https:\/\/gwendosavons.fr\/wp-content\/uploads\/2022\/04\/logo-creaFolie-300x300.png 300w, https:\/\/gwendosavons.fr\/wp-content\/uploads\/2022\/04\/logo-creaFolie-150x150.png 150w, https:\/\/gwendosavons.fr\/wp-content\/uploads\/2022\/04\/logo-creaFolie-100x100.png 100w, https:\/\/gwendosavons.fr\/wp-content\/uploads\/2022\/04\/logo-creaFolie.png 500w\" sizes=\"(max-width: 300px) 100vw, 300px\" \/><\/a><\/figure><div class=\"elementor-image-box-content\"><h3 class=\"elementor-image-box-title\"><a href=\"https:\/\/www.facebook.com\/creafolies40\/?msclkid=74cbcb0cb99811ecb15d25100d904876\" target=\"_blank\">Boutique Cr\u00e9a'Folies <\/a><\/h3><p class=\"elementor-image-box-description\">84 place Aristide Briand  - 40300 Peyrehorade<\/p><\/div><\/div>\t\t<\/div>\n\t\t\t\t<\/div>\n\t\t\t\t\t<\/div>\n\t\t<\/div>\n\t\t\t\t<div class=\"elementor-column elementor-col-25 elementor-top-column elementor-element elementor-element-0124dec\" data-id=\"0124dec\" data-element_type=\"column\">\n\t\t\t<div class=\"elementor-widget-wrap elementor-element-populated\">\n\t\t\t\t\t\t\t\t<div class=\"elementor-element elementor-element-9ef3470 elementor-position-top elementor-invisible elementor-widget elementor-widget-image-box\" data-id=\"9ef3470\" data-element_type=\"widget\" data-settings=\"{&quot;_animation&quot;:&quot;zoomIn&quot;}\" data-widget_type=\"image-box.default\">\n\t\t\t\t<div class=\"elementor-widget-container\">\n\t\t\t<div class=\"elementor-image-box-wrapper\"><figure class=\"elementor-image-box-img\"><a href=\"https:\/\/carrementcurieux.com\" target=\"_blank\" tabindex=\"-1\"><img loading=\"lazy\" decoding=\"async\" width=\"300\" height=\"63\" src=\"https:\/\/gwendosavons.fr\/wp-content\/uploads\/2022\/04\/logo-carrement-curieux-300x63.jpg\" class=\"attachment-medium size-medium wp-image-325\" alt=\"\" srcset=\"https:\/\/gwendosavons.fr\/wp-content\/uploads\/2022\/04\/logo-carrement-curieux-300x63.jpg 300w, https:\/\/gwendosavons.fr\/wp-content\/uploads\/2022\/04\/logo-carrement-curieux-1024x213.jpg 1024w, https:\/\/gwendosavons.fr\/wp-content\/uploads\/2022\/04\/logo-carrement-curieux-768x160.jpg 768w, https:\/\/gwendosavons.fr\/wp-content\/uploads\/2022\/04\/logo-carrement-curieux-600x125.jpg 600w, https:\/\/gwendosavons.fr\/wp-content\/uploads\/2022\/04\/logo-carrement-curieux.jpg 1123w\" sizes=\"(max-width: 300px) 100vw, 300px\" \/><\/a><\/figure><div class=\"elementor-image-box-content\"><h3 class=\"elementor-image-box-title\"><a href=\"https:\/\/carrementcurieux.com\" target=\"_blank\">Boutique Carr\u00e9ment Curieux<\/a><\/h3><p class=\"elementor-image-box-description\">22 rue Neuve        40100 Dax<\/p><\/div><\/div>\t\t<\/div>\n\t\t\t\t<\/div>\n\t\t\t\t\t<\/div>\n\t\t<\/div>\n\t\t\t\t<div class=\"elementor-column elementor-col-25 elementor-top-column elementor-element elementor-element-252ddfa\" data-id=\"252ddfa\" data-element_type=\"column\">\n\t\t\t<div class=\"elementor-widget-wrap elementor-element-populated\">\n\t\t\t\t\t\t\t\t<div class=\"elementor-element elementor-element-f6dde08 elementor-position-top elementor-invisible elementor-widget elementor-widget-image-box\" data-id=\"f6dde08\" data-element_type=\"widget\" data-settings=\"{&quot;_animation&quot;:&quot;zoomIn&quot;}\" data-widget_type=\"image-box.default\">\n\t\t\t\t<div class=\"elementor-widget-container\">\n\t\t\t<div class=\"elementor-image-box-wrapper\"><figure class=\"elementor-image-box-img\"><a href=\"https:\/\/www.facebook.com\/LaRuchedePeyrehorade\" tabindex=\"-1\"><img loading=\"lazy\" decoding=\"async\" width=\"207\" height=\"300\" src=\"https:\/\/gwendosavons.fr\/wp-content\/uploads\/2022\/04\/logo-la-Ruche-qui-dit-oui.jpg\" class=\"attachment-medium size-medium wp-image-338\" alt=\"\" \/><\/a><\/figure><div class=\"elementor-image-box-content\"><h3 class=\"elementor-image-box-title\"><a href=\"https:\/\/www.facebook.com\/LaRuchedePeyrehorade\">La Ruche qui dit Oui <br>Peyrehorade<\/a><\/h3><\/div><\/div>\t\t<\/div>\n\t\t\t\t<\/div>\n\t\t\t\t\t<\/div>\n\t\t<\/div>\n\t\t\t\t<div class=\"elementor-column elementor-col-25 elementor-top-column elementor-element elementor-element-3adcf71\" data-id=\"3adcf71\" data-element_type=\"column\">\n\t\t\t<div class=\"elementor-widget-wrap elementor-element-populated\">\n\t\t\t\t\t\t\t\t<div class=\"elementor-element elementor-element-1af00ef elementor-position-top elementor-invisible elementor-widget elementor-widget-image-box\" data-id=\"1af00ef\" data-element_type=\"widget\" data-settings=\"{&quot;_animation&quot;:&quot;zoomIn&quot;}\" data-widget_type=\"image-box.default\">\n\t\t\t\t<div class=\"elementor-widget-container\">\n\t\t\t<div class=\"elementor-image-box-wrapper\"><figure class=\"elementor-image-box-img\"><img loading=\"lazy\" decoding=\"async\" width=\"1536\" height=\"947\" src=\"https:\/\/gwendosavons.fr\/wp-content\/uploads\/2022\/04\/20220403_120417bis-1536x947.jpg\" class=\"attachment-1536x1536 size-1536x1536 wp-image-361\" alt=\"\" srcset=\"https:\/\/gwendosavons.fr\/wp-content\/uploads\/2022\/04\/20220403_120417bis-1536x947.jpg 1536w, https:\/\/gwendosavons.fr\/wp-content\/uploads\/2022\/04\/20220403_120417bis-300x185.jpg 300w, https:\/\/gwendosavons.fr\/wp-content\/uploads\/2022\/04\/20220403_120417bis-1024x631.jpg 1024w, https:\/\/gwendosavons.fr\/wp-content\/uploads\/2022\/04\/20220403_120417bis-768x473.jpg 768w, https:\/\/gwendosavons.fr\/wp-content\/uploads\/2022\/04\/20220403_120417bis-600x370.jpg 600w, https:\/\/gwendosavons.fr\/wp-content\/uploads\/2022\/04\/20220403_120417bis.jpg 1566w\" sizes=\"(max-width: 1536px) 100vw, 1536px\" \/><\/figure><div class=\"elementor-image-box-content\"><h3 class=\"elementor-image-box-title\">March\u00e9 Peyrehorade<\/h3><p class=\"elementor-image-box-description\">Les Mercredis matin d'Avril \u00e0 Juin et de Septembre \u00e0 D\u00e9cembre<\/p><\/div><\/div>\t\t<\/div>\n\t\t\t\t<\/div>\n\t\t\t\t\t<\/div>\n\t\t<\/div>\n\t\t\t\t\t\t\t<\/div>\n\t\t<\/section>\n\t\t\t\t<section class=\"elementor-section elementor-top-section elementor-element elementor-element-6b70093 elementor-section-boxed elementor-section-height-default elementor-section-height-default\" data-id=\"6b70093\" data-element_type=\"section\">\n\t\t\t\t\t\t<div class=\"elementor-container elementor-column-gap-default\">\n\t\t\t\t\t<div class=\"elementor-column elementor-col-25 elementor-top-column elementor-element elementor-element-f32d510\" data-id=\"f32d510\" data-element_type=\"column\">\n\t\t\t<div class=\"elementor-widget-wrap elementor-element-populated\">\n\t\t\t\t\t\t\t\t<div class=\"elementor-element elementor-element-88e370e elementor-position-top elementor-invisible elementor-widget elementor-widget-image-box\" data-id=\"88e370e\" data-element_type=\"widget\" data-settings=\"{&quot;_animation&quot;:&quot;zoomIn&quot;}\" data-widget_type=\"image-box.default\">\n\t\t\t\t<div class=\"elementor-widget-container\">\n\t\t\t<div class=\"elementor-image-box-wrapper\"><figure class=\"elementor-image-box-img\"><img loading=\"lazy\" decoding=\"async\" width=\"1536\" height=\"894\" src=\"https:\/\/gwendosavons.fr\/wp-content\/uploads\/2023\/11\/IMG_8988-2-1536x894.jpg\" class=\"attachment-1536x1536 size-1536x1536 wp-image-707\" alt=\"\" srcset=\"https:\/\/gwendosavons.fr\/wp-content\/uploads\/2023\/11\/IMG_8988-2-1536x894.jpg 1536w, https:\/\/gwendosavons.fr\/wp-content\/uploads\/2023\/11\/IMG_8988-2-300x175.jpg 300w, https:\/\/gwendosavons.fr\/wp-content\/uploads\/2023\/11\/IMG_8988-2-1024x596.jpg 1024w, https:\/\/gwendosavons.fr\/wp-content\/uploads\/2023\/11\/IMG_8988-2-768x447.jpg 768w, https:\/\/gwendosavons.fr\/wp-content\/uploads\/2023\/11\/IMG_8988-2-2048x1192.jpg 2048w, https:\/\/gwendosavons.fr\/wp-content\/uploads\/2023\/11\/IMG_8988-2-600x349.jpg 600w\" sizes=\"(max-width: 1536px) 100vw, 1536px\" \/><\/figure><div class=\"elementor-image-box-content\"><h3 class=\"elementor-image-box-title\">March\u00e9 de Salies de B\u00e9arn<\/h3><p class=\"elementor-image-box-description\">Tous les jeudis matin <\/p><\/div><\/div>\t\t<\/div>\n\t\t\t\t<\/div>\n\t\t\t\t\t<\/div>\n\t\t<\/div>\n\t\t\t\t<div class=\"elementor-column elementor-col-25 elementor-top-column elementor-element elementor-element-726031d\" data-id=\"726031d\" data-element_type=\"column\">\n\t\t\t<div class=\"elementor-widget-wrap elementor-element-populated\">\n\t\t\t\t\t\t\t\t<div class=\"elementor-element elementor-element-4d456f7 elementor-position-top elementor-invisible elementor-widget elementor-widget-image-box\" data-id=\"4d456f7\" data-element_type=\"widget\" data-settings=\"{&quot;_animation&quot;:&quot;zoomIn&quot;}\" data-widget_type=\"image-box.default\">\n\t\t\t\t<div class=\"elementor-widget-container\">\n\t\t\t<div class=\"elementor-image-box-wrapper\"><figure class=\"elementor-image-box-img\"><img loading=\"lazy\" decoding=\"async\" width=\"1536\" height=\"947\" src=\"https:\/\/gwendosavons.fr\/wp-content\/uploads\/2022\/04\/20220403_120417bis-1536x947.jpg\" class=\"attachment-1536x1536 size-1536x1536 wp-image-361\" alt=\"\" srcset=\"https:\/\/gwendosavons.fr\/wp-content\/uploads\/2022\/04\/20220403_120417bis-1536x947.jpg 1536w, https:\/\/gwendosavons.fr\/wp-content\/uploads\/2022\/04\/20220403_120417bis-300x185.jpg 300w, https:\/\/gwendosavons.fr\/wp-content\/uploads\/2022\/04\/20220403_120417bis-1024x631.jpg 1024w, https:\/\/gwendosavons.fr\/wp-content\/uploads\/2022\/04\/20220403_120417bis-768x473.jpg 768w, https:\/\/gwendosavons.fr\/wp-content\/uploads\/2022\/04\/20220403_120417bis-600x370.jpg 600w, https:\/\/gwendosavons.fr\/wp-content\/uploads\/2022\/04\/20220403_120417bis.jpg 1566w\" sizes=\"(max-width: 1536px) 100vw, 1536px\" \/><\/figure><div class=\"elementor-image-box-content\"><h3 class=\"elementor-image-box-title\">Le March\u00e9<br>Hossegor<\/h3><p class=\"elementor-image-box-description\">Les Dimanches d'Avril \u00e0 Octobre\nLes Mercredi, Vendredi et Dimanche du 15 Juin au 15 Septembre<\/p><\/div><\/div>\t\t<\/div>\n\t\t\t\t<\/div>\n\t\t\t\t\t<\/div>\n\t\t<\/div>\n\t\t\t\t<div class=\"elementor-column elementor-col-25 elementor-top-column elementor-element elementor-element-909ba82\" data-id=\"909ba82\" data-element_type=\"column\">\n\t\t\t<div class=\"elementor-widget-wrap elementor-element-populated\">\n\t\t\t\t\t\t\t\t<div class=\"elementor-element elementor-element-2bd08f1 elementor-position-top elementor-invisible elementor-widget elementor-widget-image-box\" data-id=\"2bd08f1\" data-element_type=\"widget\" data-settings=\"{&quot;_animation&quot;:&quot;zoomIn&quot;}\" data-widget_type=\"image-box.default\">\n\t\t\t\t<div class=\"elementor-widget-container\">\n\t\t\t<div class=\"elementor-image-box-wrapper\"><figure class=\"elementor-image-box-img\"><img loading=\"lazy\" decoding=\"async\" width=\"1536\" height=\"947\" src=\"https:\/\/gwendosavons.fr\/wp-content\/uploads\/2022\/04\/20220403_120417bis-1536x947.jpg\" class=\"attachment-1536x1536 size-1536x1536 wp-image-361\" alt=\"\" srcset=\"https:\/\/gwendosavons.fr\/wp-content\/uploads\/2022\/04\/20220403_120417bis-1536x947.jpg 1536w, https:\/\/gwendosavons.fr\/wp-content\/uploads\/2022\/04\/20220403_120417bis-300x185.jpg 300w, https:\/\/gwendosavons.fr\/wp-content\/uploads\/2022\/04\/20220403_120417bis-1024x631.jpg 1024w, https:\/\/gwendosavons.fr\/wp-content\/uploads\/2022\/04\/20220403_120417bis-768x473.jpg 768w, https:\/\/gwendosavons.fr\/wp-content\/uploads\/2022\/04\/20220403_120417bis-600x370.jpg 600w, https:\/\/gwendosavons.fr\/wp-content\/uploads\/2022\/04\/20220403_120417bis.jpg 1566w\" sizes=\"(max-width: 1536px) 100vw, 1536px\" \/><\/figure><div class=\"elementor-image-box-content\"><h3 class=\"elementor-image-box-title\">Le March\u00e9<br>Nocturne Hossegor<\/h3><p class=\"elementor-image-box-description\">Les Dimanches Soir de Juillet &amp; Ao\u00fbt<\/p><\/div><\/div>\t\t<\/div>\n\t\t\t\t<\/div>\n\t\t\t\t\t<\/div>\n\t\t<\/div>\n\t\t\t\t<div class=\"elementor-column elementor-col-25 elementor-top-column elementor-element elementor-element-2c959b9\" data-id=\"2c959b9\" data-element_type=\"column\">\n\t\t\t<div class=\"elementor-widget-wrap\">\n\t\t\t\t\t\t\t\t\t<\/div>\n\t\t<\/div>\n\t\t\t\t\t\t\t<\/div>\n\t\t<\/section>\n\t\t\t\t<section class=\"elementor-section elementor-top-section elementor-element elementor-element-a9b381c elementor-section-boxed elementor-section-height-default elementor-section-height-default\" data-id=\"a9b381c\" data-element_type=\"section\">\n\t\t\t\t\t\t<div class=\"elementor-container elementor-column-gap-default\">\n\t\t\t\t\t<div class=\"elementor-column elementor-col-100 elementor-top-column elementor-element elementor-element-8d79aa2\" data-id=\"8d79aa2\" data-element_type=\"column\">\n\t\t\t<div class=\"elementor-widget-wrap elementor-element-populated\">\n\t\t\t\t\t\t\t\t<div class=\"elementor-element elementor-element-8f0d941 elementor-align-justify elementor-widget elementor-widget-button\" data-id=\"8f0d941\" data-element_type=\"widget\" data-widget_type=\"button.default\">\n\t\t\t\t<div class=\"elementor-widget-container\">\n\t\t\t\t\t<div class=\"elementor-button-wrapper\">\n\t\t\t<a class=\"elementor-button elementor-button-link elementor-size-sm\" href=\"https:\/\/gwendosavons.fr\/\">\n\t\t\t\t\t\t<span class=\"elementor-button-content-wrapper\">\n\t\t\t\t\t\t<span class=\"elementor-button-text\">Retour \u00e0 l'accueil<\/span>\n\t\t<\/span>\n\t\t\t\t\t<\/a>\n\t\t<\/div>\n\t\t\t\t<\/div>\n\t\t\t\t<\/div>\n\t\t\t\t\t<\/div>\n\t\t<\/div>\n\t\t\t\t\t\t\t<\/div>\n\t\t<\/section>\n\t\t\t\t\t\t\t<\/div>\n\t\t","protected":false},"excerpt":{"rendered":"<p>Boutique Cr\u00e9a&rsquo;Folies 84 place Aristide Briand &#8211; 40300 Peyrehorade Boutique Carr\u00e9ment Curieux 22 rue Neuve 40100 Dax La Ruche qui dit Oui Peyrehorade March\u00e9 Peyrehorade Les Mercredis matin d&rsquo;Avril \u00e0<\/p>\n","protected":false},"author":2,"featured_media":0,"parent":0,"menu_order":0,"comment_status":"closed","ping_status":"closed","template":"","meta":{"footnotes":""},"yoast_head":"<!-- This site is optimized with the Yoast SEO plugin v22.4 - https:\/\/yoast.com\/wordpress\/plugins\/seo\/ -->\n<title>Points de vente - Gwendo-Savons<\/title>\n<meta name=\"robots\" content=\"index, follow, max-snippet:-1, max-image-preview:large, max-video-preview:-1\" \/>\n<link rel=\"canonical\" href=\"https:\/\/gwendosavons.fr\/index.php\/points-de-vente\/\" \/>\n<meta property=\"og:locale\" content=\"fr_FR\" \/>\n<meta property=\"og:type\" content=\"article\" \/>\n<meta property=\"og:title\" content=\"Points de vente - Gwendo-Savons\" \/>\n<meta property=\"og:description\" content=\"Boutique Cr\u00e9a&rsquo;Folies 84 place Aristide Briand &#8211; 40300 Peyrehorade Boutique Carr\u00e9ment Curieux 22 rue Neuve 40100 Dax La Ruche qui dit Oui Peyrehorade March\u00e9 Peyrehorade Les Mercredis matin d&rsquo;Avril \u00e0\" \/>\n<meta property=\"og:url\" content=\"https:\/\/gwendosavons.fr\/index.php\/points-de-vente\/\" \/>\n<meta property=\"og:site_name\" content=\"Gwendo-Savons\" \/>\n<meta property=\"article:modified_time\" content=\"2023-11-30T14:16:06+00:00\" \/>\n<meta property=\"og:image\" content=\"https:\/\/gwendosavons.fr\/wp-content\/uploads\/2022\/04\/logo-creaFolie-300x300.png\" \/>\n<meta name=\"twitter:card\" content=\"summary_large_image\" \/>\n<meta name=\"twitter:label1\" content=\"Dur\u00e9e de lecture estim\u00e9e\" \/>\n\t<meta name=\"twitter:data1\" content=\"2 minutes\" \/>\n<script type=\"application\/ld+json\" class=\"yoast-schema-graph\">{\"@context\":\"https:\/\/schema.org\",\"@graph\":[{\"@type\":\"WebPage\",\"@id\":\"https:\/\/gwendosavons.fr\/index.php\/points-de-vente\/\",\"url\":\"https:\/\/gwendosavons.fr\/index.php\/points-de-vente\/\",\"name\":\"Points de vente - Gwendo-Savons\",\"isPartOf\":{\"@id\":\"https:\/\/gwendosavons.fr\/#website\"},\"primaryImageOfPage\":{\"@id\":\"https:\/\/gwendosavons.fr\/index.php\/points-de-vente\/#primaryimage\"},\"image\":{\"@id\":\"https:\/\/gwendosavons.fr\/index.php\/points-de-vente\/#primaryimage\"},\"thumbnailUrl\":\"https:\/\/gwendosavons.fr\/wp-content\/uploads\/2022\/04\/logo-creaFolie-300x300.png\",\"datePublished\":\"2021-02-03T21:52:46+00:00\",\"dateModified\":\"2023-11-30T14:16:06+00:00\",\"breadcrumb\":{\"@id\":\"https:\/\/gwendosavons.fr\/index.php\/points-de-vente\/#breadcrumb\"},\"inLanguage\":\"fr-FR\",\"potentialAction\":[{\"@type\":\"ReadAction\",\"target\":[\"https:\/\/gwendosavons.fr\/index.php\/points-de-vente\/\"]}]},{\"@type\":\"ImageObject\",\"inLanguage\":\"fr-FR\",\"@id\":\"https:\/\/gwendosavons.fr\/index.php\/points-de-vente\/#primaryimage\",\"url\":\"https:\/\/gwendosavons.fr\/wp-content\/uploads\/2022\/04\/logo-creaFolie.png\",\"contentUrl\":\"https:\/\/gwendosavons.fr\/wp-content\/uploads\/2022\/04\/logo-creaFolie.png\",\"width\":500,\"height\":500,\"caption\":\"Cr\u00e9a'Folies\"},{\"@type\":\"BreadcrumbList\",\"@id\":\"https:\/\/gwendosavons.fr\/index.php\/points-de-vente\/#breadcrumb\",\"itemListElement\":[{\"@type\":\"ListItem\",\"position\":1,\"name\":\"Home\",\"item\":\"https:\/\/gwendosavons.fr\/\"},{\"@type\":\"ListItem\",\"position\":2,\"name\":\"Points de vente\"}]},{\"@type\":\"WebSite\",\"@id\":\"https:\/\/gwendosavons.fr\/#website\",\"url\":\"https:\/\/gwendosavons.fr\/\",\"name\":\"Gwendo-Savons\",\"description\":\"\",\"publisher\":{\"@id\":\"https:\/\/gwendosavons.fr\/#organization\"},\"potentialAction\":[{\"@type\":\"SearchAction\",\"target\":{\"@type\":\"EntryPoint\",\"urlTemplate\":\"https:\/\/gwendosavons.fr\/?s={search_term_string}\"},\"query-input\":\"required name=search_term_string\"}],\"inLanguage\":\"fr-FR\"},{\"@type\":\"Organization\",\"@id\":\"https:\/\/gwendosavons.fr\/#organization\",\"name\":\"Gwendo-Savons\",\"url\":\"https:\/\/gwendosavons.fr\/\",\"logo\":{\"@type\":\"ImageObject\",\"inLanguage\":\"fr-FR\",\"@id\":\"https:\/\/gwendosavons.fr\/#\/schema\/logo\/image\/\",\"url\":\"https:\/\/gwendosavons.fr\/wp-content\/uploads\/2020\/12\/cropped-Capture-logo.jpg\",\"contentUrl\":\"https:\/\/gwendosavons.fr\/wp-content\/uploads\/2020\/12\/cropped-Capture-logo.jpg\",\"width\":278,\"height\":185,\"caption\":\"Gwendo-Savons\"},\"image\":{\"@id\":\"https:\/\/gwendosavons.fr\/#\/schema\/logo\/image\/\"}}]}<\/script>\n<!-- \/ Yoast SEO plugin. -->","yoast_head_json":{"title":"Points de vente - Gwendo-Savons","robots":{"index":"index","follow":"follow","max-snippet":"max-snippet:-1","max-image-preview":"max-image-preview:large","max-video-preview":"max-video-preview:-1"},"canonical":"https:\/\/gwendosavons.fr\/index.php\/points-de-vente\/","og_locale":"fr_FR","og_type":"article","og_title":"Points de vente - Gwendo-Savons","og_description":"Boutique Cr\u00e9a&rsquo;Folies 84 place Aristide Briand &#8211; 40300 Peyrehorade Boutique Carr\u00e9ment Curieux 22 rue Neuve 40100 Dax La Ruche qui dit Oui Peyrehorade March\u00e9 Peyrehorade Les Mercredis matin d&rsquo;Avril \u00e0","og_url":"https:\/\/gwendosavons.fr\/index.php\/points-de-vente\/","og_site_name":"Gwendo-Savons","article_modified_time":"2023-11-30T14:16:06+00:00","og_image":[{"url":"https:\/\/gwendosavons.fr\/wp-content\/uploads\/2022\/04\/logo-creaFolie-300x300.png"}],"twitter_card":"summary_large_image","twitter_misc":{"Dur\u00e9e de lecture estim\u00e9e":"2 minutes"},"schema":{"@context":"https:\/\/schema.org","@graph":[{"@type":"WebPage","@id":"https:\/\/gwendosavons.fr\/index.php\/points-de-vente\/","url":"https:\/\/gwendosavons.fr\/index.php\/points-de-vente\/","name":"Points de vente - Gwendo-Savons","isPartOf":{"@id":"https:\/\/gwendosavons.fr\/#website"},"primaryImageOfPage":{"@id":"https:\/\/gwendosavons.fr\/index.php\/points-de-vente\/#primaryimage"},"image":{"@id":"https:\/\/gwendosavons.fr\/index.php\/points-de-vente\/#primaryimage"},"thumbnailUrl":"https:\/\/gwendosavons.fr\/wp-content\/uploads\/2022\/04\/logo-creaFolie-300x300.png","datePublished":"2021-02-03T21:52:46+00:00","dateModified":"2023-11-30T14:16:06+00:00","breadcrumb":{"@id":"https:\/\/gwendosavons.fr\/index.php\/points-de-vente\/#breadcrumb"},"inLanguage":"fr-FR","potentialAction":[{"@type":"ReadAction","target":["https:\/\/gwendosavons.fr\/index.php\/points-de-vente\/"]}]},{"@type":"ImageObject","inLanguage":"fr-FR","@id":"https:\/\/gwendosavons.fr\/index.php\/points-de-vente\/#primaryimage","url":"https:\/\/gwendosavons.fr\/wp-content\/uploads\/2022\/04\/logo-creaFolie.png","contentUrl":"https:\/\/gwendosavons.fr\/wp-content\/uploads\/2022\/04\/logo-creaFolie.png","width":500,"height":500,"caption":"Cr\u00e9a'Folies"},{"@type":"BreadcrumbList","@id":"https:\/\/gwendosavons.fr\/index.php\/points-de-vente\/#breadcrumb","itemListElement":[{"@type":"ListItem","position":1,"name":"Home","item":"https:\/\/gwendosavons.fr\/"},{"@type":"ListItem","position":2,"name":"Points de vente"}]},{"@type":"WebSite","@id":"https:\/\/gwendosavons.fr\/#website","url":"https:\/\/gwendosavons.fr\/","name":"Gwendo-Savons","description":"","publisher":{"@id":"https:\/\/gwendosavons.fr\/#organization"},"potentialAction":[{"@type":"SearchAction","target":{"@type":"EntryPoint","urlTemplate":"https:\/\/gwendosavons.fr\/?s={search_term_string}"},"query-input":"required name=search_term_string"}],"inLanguage":"fr-FR"},{"@type":"Organization","@id":"https:\/\/gwendosavons.fr\/#organization","name":"Gwendo-Savons","url":"https:\/\/gwendosavons.fr\/","logo":{"@type":"ImageObject","inLanguage":"fr-FR","@id":"https:\/\/gwendosavons.fr\/#\/schema\/logo\/image\/","url":"https:\/\/gwendosavons.fr\/wp-content\/uploads\/2020\/12\/cropped-Capture-logo.jpg","contentUrl":"https:\/\/gwendosavons.fr\/wp-content\/uploads\/2020\/12\/cropped-Capture-logo.jpg","width":278,"height":185,"caption":"Gwendo-Savons"},"image":{"@id":"https:\/\/gwendosavons.fr\/#\/schema\/logo\/image\/"}}]}},"_links":{"self":[{"href":"https:\/\/gwendosavons.fr\/index.php\/wp-json\/wp\/v2\/pages\/145"}],"collection":[{"href":"https:\/\/gwendosavons.fr\/index.php\/wp-json\/wp\/v2\/pages"}],"about":[{"href":"https:\/\/gwendosavons.fr\/index.php\/wp-json\/wp\/v2\/types\/page"}],"author":[{"embeddable":true,"href":"https:\/\/gwendosavons.fr\/index.php\/wp-json\/wp\/v2\/users\/2"}],"replies":[{"embeddable":true,"href":"https:\/\/gwendosavons.fr\/index.php\/wp-json\/wp\/v2\/comments?post=145"}],"version-history":[{"count":41,"href":"https:\/\/gwendosavons.fr\/index.php\/wp-json\/wp\/v2\/pages\/145\/revisions"}],"predecessor-version":[{"id":1056,"href":"https:\/\/gwendosavons.fr\/index.php\/wp-json\/wp\/v2\/pages\/145\/revisions\/1056"}],"wp:attachment":[{"href":"https:\/\/gwendosavons.fr\/index.php\/wp-json\/wp\/v2\/media?parent=145"}],"curies":[{"name":"wp","href":"https:\/\/api.w.org\/{rel}","templated":true}]}}