{"id":505,"date":"2023-11-09T14:45:44","date_gmt":"2023-11-09T14:45:44","guid":{"rendered":"https:\/\/gwendosavons.fr\/?page_id=505"},"modified":"2023-11-30T14:05:03","modified_gmt":"2023-11-30T14:05:03","slug":"matieres-premieres-2","status":"publish","type":"page","link":"https:\/\/gwendosavons.fr\/index.php\/matieres-premieres-2\/","title":{"rendered":"Nos mati\u00e8res premi\u00e8res"},"content":{"rendered":"\t\t<div data-elementor-type=\"wp-page\" data-elementor-id=\"505\" class=\"elementor elementor-505\">\n\t\t\t\t\t\t\t\t\t<section class=\"elementor-section elementor-top-section elementor-element elementor-element-9ad5543 elementor-section-boxed elementor-section-height-default elementor-section-height-default\" data-id=\"9ad5543\" data-element_type=\"section\">\n\t\t\t\t\t\t<div class=\"elementor-container elementor-column-gap-default\">\n\t\t\t\t\t<div class=\"elementor-column elementor-col-50 elementor-top-column elementor-element elementor-element-c3498d6\" data-id=\"c3498d6\" data-element_type=\"column\">\n\t\t\t<div class=\"elementor-widget-wrap elementor-element-populated\">\n\t\t\t\t\t\t\t\t<div class=\"elementor-element elementor-element-04931ef elementor-widget elementor-widget-image\" data-id=\"04931ef\" data-element_type=\"widget\" data-widget_type=\"image.default\">\n\t\t\t\t<div class=\"elementor-widget-container\">\n\t\t\t\t\t\t\t\t\t\t\t\t\t\t\t<img loading=\"lazy\" decoding=\"async\" width=\"640\" height=\"851\" src=\"https:\/\/gwendosavons.fr\/wp-content\/uploads\/2023\/11\/Capture-decran-2023-11-30-145549.png\" class=\"attachment-large size-large wp-image-1039\" alt=\"\" srcset=\"https:\/\/gwendosavons.fr\/wp-content\/uploads\/2023\/11\/Capture-decran-2023-11-30-145549.png 726w, https:\/\/gwendosavons.fr\/wp-content\/uploads\/2023\/11\/Capture-decran-2023-11-30-145549-226x300.png 226w, https:\/\/gwendosavons.fr\/wp-content\/uploads\/2023\/11\/Capture-decran-2023-11-30-145549-600x798.png 600w\" sizes=\"(max-width: 640px) 100vw, 640px\" \/>\t\t\t\t\t\t\t\t\t\t\t\t\t\t\t<\/div>\n\t\t\t\t<\/div>\n\t\t\t\t<div class=\"elementor-element elementor-element-f7acd8b elementor-widget elementor-widget-image\" data-id=\"f7acd8b\" data-element_type=\"widget\" data-widget_type=\"image.default\">\n\t\t\t\t<div class=\"elementor-widget-container\">\n\t\t\t\t\t\t\t\t\t\t\t\t\t\t\t<img loading=\"lazy\" decoding=\"async\" width=\"640\" height=\"904\" src=\"https:\/\/gwendosavons.fr\/wp-content\/uploads\/2023\/11\/Capture-decran-2023-11-30-145510.png\" class=\"attachment-large size-large wp-image-1038\" alt=\"\" srcset=\"https:\/\/gwendosavons.fr\/wp-content\/uploads\/2023\/11\/Capture-decran-2023-11-30-145510.png 687w, https:\/\/gwendosavons.fr\/wp-content\/uploads\/2023\/11\/Capture-decran-2023-11-30-145510-212x300.png 212w, https:\/\/gwendosavons.fr\/wp-content\/uploads\/2023\/11\/Capture-decran-2023-11-30-145510-600x847.png 600w\" sizes=\"(max-width: 640px) 100vw, 640px\" \/>\t\t\t\t\t\t\t\t\t\t\t\t\t\t\t<\/div>\n\t\t\t\t<\/div>\n\t\t\t\t\t<\/div>\n\t\t<\/div>\n\t\t\t\t<div class=\"elementor-column elementor-col-50 elementor-top-column elementor-element elementor-element-8f9901e\" data-id=\"8f9901e\" data-element_type=\"column\">\n\t\t\t<div class=\"elementor-widget-wrap elementor-element-populated\">\n\t\t\t\t\t\t\t\t<div class=\"elementor-element elementor-element-e158671 elementor-invisible elementor-widget elementor-widget-text-editor\" data-id=\"e158671\" data-element_type=\"widget\" data-settings=\"{&quot;_animation&quot;:&quot;zoomIn&quot;}\" data-widget_type=\"text-editor.default\">\n\t\t\t\t<div class=\"elementor-widget-container\">\n\t\t\t\t\t\t\t<p>Nous nous appliquons \u00e0 vous proposer autant que possible des produits fabriqu\u00e9s avec des ingr\u00e9dients locaux et bio.<br><\/p>\n<p>* = Produits locaux<\/p>\t\t\t\t\t\t<\/div>\n\t\t\t\t<\/div>\n\t\t\t\t<div class=\"elementor-element elementor-element-e68de23 elementor-widget elementor-widget-image\" data-id=\"e68de23\" data-element_type=\"widget\" data-widget_type=\"image.default\">\n\t\t\t\t<div class=\"elementor-widget-container\">\n\t\t\t\t\t\t\t\t\t\t\t\t\t\t\t<img loading=\"lazy\" decoding=\"async\" width=\"640\" height=\"896\" src=\"https:\/\/gwendosavons.fr\/wp-content\/uploads\/2023\/11\/Capture-decran-2023-11-30-145622.png\" class=\"attachment-large size-large wp-image-1040\" alt=\"\" srcset=\"https:\/\/gwendosavons.fr\/wp-content\/uploads\/2023\/11\/Capture-decran-2023-11-30-145622.png 691w, https:\/\/gwendosavons.fr\/wp-content\/uploads\/2023\/11\/Capture-decran-2023-11-30-145622-214x300.png 214w, https:\/\/gwendosavons.fr\/wp-content\/uploads\/2023\/11\/Capture-decran-2023-11-30-145622-600x840.png 600w\" sizes=\"(max-width: 640px) 100vw, 640px\" \/>\t\t\t\t\t\t\t\t\t\t\t\t\t\t\t<\/div>\n\t\t\t\t<\/div>\n\t\t\t\t\t<\/div>\n\t\t<\/div>\n\t\t\t\t\t\t\t<\/div>\n\t\t<\/section>\n\t\t\t\t<section class=\"elementor-section elementor-top-section elementor-element elementor-element-079d13c elementor-section-boxed elementor-section-height-default elementor-section-height-default\" data-id=\"079d13c\" data-element_type=\"section\">\n\t\t\t\t\t\t<div class=\"elementor-container elementor-column-gap-default\">\n\t\t\t\t\t<div class=\"elementor-column elementor-col-100 elementor-top-column elementor-element elementor-element-dac4185\" data-id=\"dac4185\" data-element_type=\"column\">\n\t\t\t<div class=\"elementor-widget-wrap elementor-element-populated\">\n\t\t\t\t\t\t\t\t<div class=\"elementor-element elementor-element-86c338d elementor-align-justify elementor-widget elementor-widget-button\" data-id=\"86c338d\" data-element_type=\"widget\" data-widget_type=\"button.default\">\n\t\t\t\t<div class=\"elementor-widget-container\">\n\t\t\t\t\t<div class=\"elementor-button-wrapper\">\n\t\t\t<a class=\"elementor-button elementor-button-link elementor-size-sm\" href=\"https:\/\/gwendosavons.fr\/\">\n\t\t\t\t\t\t<span class=\"elementor-button-content-wrapper\">\n\t\t\t\t\t\t<span class=\"elementor-button-text\">Retour \u00e0 l'accueil<\/span>\n\t\t<\/span>\n\t\t\t\t\t<\/a>\n\t\t<\/div>\n\t\t\t\t<\/div>\n\t\t\t\t<\/div>\n\t\t\t\t\t<\/div>\n\t\t<\/div>\n\t\t\t\t\t\t\t<\/div>\n\t\t<\/section>\n\t\t\t\t\t\t\t<\/div>\n\t\t","protected":false},"excerpt":{"rendered":"<p>Nous nous appliquons \u00e0 vous proposer autant que possible des produits fabriqu\u00e9s avec des ingr\u00e9dients locaux et bio. * = Produits locaux Retour \u00e0 l&rsquo;accueil<\/p>\n","protected":false},"author":2,"featured_media":0,"parent":0,"menu_order":0,"comment_status":"closed","ping_status":"closed","template":"","meta":{"footnotes":""},"yoast_head":"<!-- This site is optimized with the Yoast SEO plugin v22.4 - https:\/\/yoast.com\/wordpress\/plugins\/seo\/ -->\n<title>Nos mati\u00e8res premi\u00e8res - Gwendo-Savons<\/title>\n<meta name=\"description\" content=\"Les diff\u00e9rentes mati\u00e8res premi\u00e8res que nous utilisons\" \/>\n<meta name=\"robots\" content=\"index, follow, max-snippet:-1, max-image-preview:large, max-video-preview:-1\" \/>\n<link rel=\"canonical\" href=\"https:\/\/gwendosavons.fr\/index.php\/matieres-premieres-2\/\" \/>\n<meta property=\"og:locale\" content=\"fr_FR\" \/>\n<meta property=\"og:type\" content=\"article\" \/>\n<meta property=\"og:title\" content=\"Nos mati\u00e8res premi\u00e8res - Gwendo-Savons\" \/>\n<meta property=\"og:description\" content=\"Les diff\u00e9rentes mati\u00e8res premi\u00e8res que nous utilisons\" \/>\n<meta property=\"og:url\" content=\"https:\/\/gwendosavons.fr\/index.php\/matieres-premieres-2\/\" \/>\n<meta property=\"og:site_name\" content=\"Gwendo-Savons\" \/>\n<meta property=\"article:modified_time\" content=\"2023-11-30T14:05:03+00:00\" \/>\n<meta property=\"og:image\" content=\"https:\/\/gwendosavons.fr\/wp-content\/uploads\/2023\/11\/Capture-decran-2023-11-30-145549.png\" \/>\n<meta name=\"twitter:card\" content=\"summary_large_image\" \/>\n<meta name=\"twitter:label1\" content=\"Dur\u00e9e de lecture estim\u00e9e\" \/>\n\t<meta name=\"twitter:data1\" content=\"1 minute\" \/>\n<script type=\"application\/ld+json\" class=\"yoast-schema-graph\">{\"@context\":\"https:\/\/schema.org\",\"@graph\":[{\"@type\":\"WebPage\",\"@id\":\"https:\/\/gwendosavons.fr\/index.php\/matieres-premieres-2\/\",\"url\":\"https:\/\/gwendosavons.fr\/index.php\/matieres-premieres-2\/\",\"name\":\"Nos mati\u00e8res premi\u00e8res - Gwendo-Savons\",\"isPartOf\":{\"@id\":\"https:\/\/gwendosavons.fr\/#website\"},\"primaryImageOfPage\":{\"@id\":\"https:\/\/gwendosavons.fr\/index.php\/matieres-premieres-2\/#primaryimage\"},\"image\":{\"@id\":\"https:\/\/gwendosavons.fr\/index.php\/matieres-premieres-2\/#primaryimage\"},\"thumbnailUrl\":\"https:\/\/gwendosavons.fr\/wp-content\/uploads\/2023\/11\/Capture-decran-2023-11-30-145549.png\",\"datePublished\":\"2023-11-09T14:45:44+00:00\",\"dateModified\":\"2023-11-30T14:05:03+00:00\",\"description\":\"Les diff\u00e9rentes mati\u00e8res premi\u00e8res que nous utilisons\",\"breadcrumb\":{\"@id\":\"https:\/\/gwendosavons.fr\/index.php\/matieres-premieres-2\/#breadcrumb\"},\"inLanguage\":\"fr-FR\",\"potentialAction\":[{\"@type\":\"ReadAction\",\"target\":[\"https:\/\/gwendosavons.fr\/index.php\/matieres-premieres-2\/\"]}]},{\"@type\":\"ImageObject\",\"inLanguage\":\"fr-FR\",\"@id\":\"https:\/\/gwendosavons.fr\/index.php\/matieres-premieres-2\/#primaryimage\",\"url\":\"https:\/\/gwendosavons.fr\/wp-content\/uploads\/2023\/11\/Capture-decran-2023-11-30-145549.png\",\"contentUrl\":\"https:\/\/gwendosavons.fr\/wp-content\/uploads\/2023\/11\/Capture-decran-2023-11-30-145549.png\",\"width\":726,\"height\":965},{\"@type\":\"BreadcrumbList\",\"@id\":\"https:\/\/gwendosavons.fr\/index.php\/matieres-premieres-2\/#breadcrumb\",\"itemListElement\":[{\"@type\":\"ListItem\",\"position\":1,\"name\":\"Home\",\"item\":\"https:\/\/gwendosavons.fr\/\"},{\"@type\":\"ListItem\",\"position\":2,\"name\":\"Nos mati\u00e8res premi\u00e8res\"}]},{\"@type\":\"WebSite\",\"@id\":\"https:\/\/gwendosavons.fr\/#website\",\"url\":\"https:\/\/gwendosavons.fr\/\",\"name\":\"Gwendo-Savons\",\"description\":\"\",\"publisher\":{\"@id\":\"https:\/\/gwendosavons.fr\/#organization\"},\"potentialAction\":[{\"@type\":\"SearchAction\",\"target\":{\"@type\":\"EntryPoint\",\"urlTemplate\":\"https:\/\/gwendosavons.fr\/?s={search_term_string}\"},\"query-input\":\"required name=search_term_string\"}],\"inLanguage\":\"fr-FR\"},{\"@type\":\"Organization\",\"@id\":\"https:\/\/gwendosavons.fr\/#organization\",\"name\":\"Gwendo-Savons\",\"url\":\"https:\/\/gwendosavons.fr\/\",\"logo\":{\"@type\":\"ImageObject\",\"inLanguage\":\"fr-FR\",\"@id\":\"https:\/\/gwendosavons.fr\/#\/schema\/logo\/image\/\",\"url\":\"https:\/\/gwendosavons.fr\/wp-content\/uploads\/2020\/12\/cropped-Capture-logo.jpg\",\"contentUrl\":\"https:\/\/gwendosavons.fr\/wp-content\/uploads\/2020\/12\/cropped-Capture-logo.jpg\",\"width\":278,\"height\":185,\"caption\":\"Gwendo-Savons\"},\"image\":{\"@id\":\"https:\/\/gwendosavons.fr\/#\/schema\/logo\/image\/\"}}]}<\/script>\n<!-- \/ Yoast SEO plugin. -->","yoast_head_json":{"title":"Nos mati\u00e8res premi\u00e8res - Gwendo-Savons","description":"Les diff\u00e9rentes mati\u00e8res premi\u00e8res que nous utilisons","robots":{"index":"index","follow":"follow","max-snippet":"max-snippet:-1","max-image-preview":"max-image-preview:large","max-video-preview":"max-video-preview:-1"},"canonical":"https:\/\/gwendosavons.fr\/index.php\/matieres-premieres-2\/","og_locale":"fr_FR","og_type":"article","og_title":"Nos mati\u00e8res premi\u00e8res - Gwendo-Savons","og_description":"Les diff\u00e9rentes mati\u00e8res premi\u00e8res que nous utilisons","og_url":"https:\/\/gwendosavons.fr\/index.php\/matieres-premieres-2\/","og_site_name":"Gwendo-Savons","article_modified_time":"2023-11-30T14:05:03+00:00","og_image":[{"url":"https:\/\/gwendosavons.fr\/wp-content\/uploads\/2023\/11\/Capture-decran-2023-11-30-145549.png"}],"twitter_card":"summary_large_image","twitter_misc":{"Dur\u00e9e de lecture estim\u00e9e":"1 minute"},"schema":{"@context":"https:\/\/schema.org","@graph":[{"@type":"WebPage","@id":"https:\/\/gwendosavons.fr\/index.php\/matieres-premieres-2\/","url":"https:\/\/gwendosavons.fr\/index.php\/matieres-premieres-2\/","name":"Nos mati\u00e8res premi\u00e8res - Gwendo-Savons","isPartOf":{"@id":"https:\/\/gwendosavons.fr\/#website"},"primaryImageOfPage":{"@id":"https:\/\/gwendosavons.fr\/index.php\/matieres-premieres-2\/#primaryimage"},"image":{"@id":"https:\/\/gwendosavons.fr\/index.php\/matieres-premieres-2\/#primaryimage"},"thumbnailUrl":"https:\/\/gwendosavons.fr\/wp-content\/uploads\/2023\/11\/Capture-decran-2023-11-30-145549.png","datePublished":"2023-11-09T14:45:44+00:00","dateModified":"2023-11-30T14:05:03+00:00","description":"Les diff\u00e9rentes mati\u00e8res premi\u00e8res que nous utilisons","breadcrumb":{"@id":"https:\/\/gwendosavons.fr\/index.php\/matieres-premieres-2\/#breadcrumb"},"inLanguage":"fr-FR","potentialAction":[{"@type":"ReadAction","target":["https:\/\/gwendosavons.fr\/index.php\/matieres-premieres-2\/"]}]},{"@type":"ImageObject","inLanguage":"fr-FR","@id":"https:\/\/gwendosavons.fr\/index.php\/matieres-premieres-2\/#primaryimage","url":"https:\/\/gwendosavons.fr\/wp-content\/uploads\/2023\/11\/Capture-decran-2023-11-30-145549.png","contentUrl":"https:\/\/gwendosavons.fr\/wp-content\/uploads\/2023\/11\/Capture-decran-2023-11-30-145549.png","width":726,"height":965},{"@type":"BreadcrumbList","@id":"https:\/\/gwendosavons.fr\/index.php\/matieres-premieres-2\/#breadcrumb","itemListElement":[{"@type":"ListItem","position":1,"name":"Home","item":"https:\/\/gwendosavons.fr\/"},{"@type":"ListItem","position":2,"name":"Nos mati\u00e8res premi\u00e8res"}]},{"@type":"WebSite","@id":"https:\/\/gwendosavons.fr\/#website","url":"https:\/\/gwendosavons.fr\/","name":"Gwendo-Savons","description":"","publisher":{"@id":"https:\/\/gwendosavons.fr\/#organization"},"potentialAction":[{"@type":"SearchAction","target":{"@type":"EntryPoint","urlTemplate":"https:\/\/gwendosavons.fr\/?s={search_term_string}"},"query-input":"required name=search_term_string"}],"inLanguage":"fr-FR"},{"@type":"Organization","@id":"https:\/\/gwendosavons.fr\/#organization","name":"Gwendo-Savons","url":"https:\/\/gwendosavons.fr\/","logo":{"@type":"ImageObject","inLanguage":"fr-FR","@id":"https:\/\/gwendosavons.fr\/#\/schema\/logo\/image\/","url":"https:\/\/gwendosavons.fr\/wp-content\/uploads\/2020\/12\/cropped-Capture-logo.jpg","contentUrl":"https:\/\/gwendosavons.fr\/wp-content\/uploads\/2020\/12\/cropped-Capture-logo.jpg","width":278,"height":185,"caption":"Gwendo-Savons"},"image":{"@id":"https:\/\/gwendosavons.fr\/#\/schema\/logo\/image\/"}}]}},"_links":{"self":[{"href":"https:\/\/gwendosavons.fr\/index.php\/wp-json\/wp\/v2\/pages\/505"}],"collection":[{"href":"https:\/\/gwendosavons.fr\/index.php\/wp-json\/wp\/v2\/pages"}],"about":[{"href":"https:\/\/gwendosavons.fr\/index.php\/wp-json\/wp\/v2\/types\/page"}],"author":[{"embeddable":true,"href":"https:\/\/gwendosavons.fr\/index.php\/wp-json\/wp\/v2\/users\/2"}],"replies":[{"embeddable":true,"href":"https:\/\/gwendosavons.fr\/index.php\/wp-json\/wp\/v2\/comments?post=505"}],"version-history":[{"count":7,"href":"https:\/\/gwendosavons.fr\/index.php\/wp-json\/wp\/v2\/pages\/505\/revisions"}],"predecessor-version":[{"id":1046,"href":"https:\/\/gwendosavons.fr\/index.php\/wp-json\/wp\/v2\/pages\/505\/revisions\/1046"}],"wp:attachment":[{"href":"https:\/\/gwendosavons.fr\/index.php\/wp-json\/wp\/v2\/media?parent=505"}],"curies":[{"name":"wp","href":"https:\/\/api.w.org\/{rel}","templated":true}]}}