{"id":763,"date":"2023-11-24T09:35:53","date_gmt":"2023-11-24T09:35:53","guid":{"rendered":"https:\/\/gwendosavons.fr\/?page_id=763"},"modified":"2023-12-04T09:09:37","modified_gmt":"2023-12-04T09:09:37","slug":"nos-secrets-de-fabrication","status":"publish","type":"page","link":"https:\/\/gwendosavons.fr\/index.php\/nos-secrets-de-fabrication\/","title":{"rendered":"Notre histoire"},"content":{"rendered":"\t\t<div data-elementor-type=\"wp-page\" data-elementor-id=\"763\" class=\"elementor elementor-763\">\n\t\t\t\t\t\t\t\t\t<section class=\"elementor-section elementor-top-section elementor-element elementor-element-94b5ef7 elementor-section-boxed elementor-section-height-default elementor-section-height-default\" data-id=\"94b5ef7\" data-element_type=\"section\">\n\t\t\t\t\t\t<div class=\"elementor-container elementor-column-gap-default\">\n\t\t\t\t\t<div class=\"elementor-column elementor-col-50 elementor-top-column elementor-element elementor-element-2a09b23\" data-id=\"2a09b23\" data-element_type=\"column\">\n\t\t\t<div class=\"elementor-widget-wrap elementor-element-populated\">\n\t\t\t\t\t\t\t\t<div class=\"elementor-element elementor-element-809abae elementor-widget elementor-widget-text-editor\" data-id=\"809abae\" data-element_type=\"widget\" data-widget_type=\"text-editor.default\">\n\t\t\t\t<div class=\"elementor-widget-container\">\n\t\t\t\t\t\t\t<p>La savonnerie Gwen&rsquo;d\u00f4 a vu le jour \u00e0 Peyrehorade dans le sud des Landes. De plus en plus de consommateurs, dont je fais partie, se tournent vers des produits sains. En aillant le savoir-faire et l&rsquo;envie de contribuer \u00e0 l&rsquo;am\u00e9lioration d&rsquo;un monde meilleur et plus raisonn\u00e9, le projet de la savonnerie est n\u00e9.<\/p><p>La m\u00e9thode de fabrication utilis\u00e9e est celle de la \u00ab\u00a0Saponification \u00e0 froid\u00a0\u00bb afin de pr\u00e9server au mieux les propri\u00e9t\u00e9s des huiles. La glyc\u00e9rine pr\u00e9sente dans le savon est d&rsquo;origine naturelle en effet elle est issue de la saponification. Elle garde ainsi toutes ses propri\u00e9t\u00e9s hydratantes, et laisse un film protecteur sur votre peau, la prot\u00e9geant contre toutes les agressions ext\u00e9rieures (vent, froid, pollution..)<\/p><p>Tous nos savons sont surgras c&rsquo;est \u00e0 dire qu&rsquo;ils contiennent un pourcentage d&rsquo;huiles non saponifi\u00e9es et sont toujours dans le savon sous forme d&rsquo;huile.<\/p><p><em>Gwendoline<\/em><\/p>\t\t\t\t\t\t<\/div>\n\t\t\t\t<\/div>\n\t\t\t\t\t<\/div>\n\t\t<\/div>\n\t\t\t\t<div class=\"elementor-column elementor-col-50 elementor-top-column elementor-element elementor-element-f8aa9d3\" data-id=\"f8aa9d3\" data-element_type=\"column\">\n\t\t\t<div class=\"elementor-widget-wrap elementor-element-populated\">\n\t\t\t\t\t\t\t\t<div class=\"elementor-element elementor-element-721bf9d elementor-widget elementor-widget-image\" data-id=\"721bf9d\" data-element_type=\"widget\" data-widget_type=\"image.default\">\n\t\t\t\t<div class=\"elementor-widget-container\">\n\t\t\t\t\t\t\t\t\t\t\t\t\t\t\t<img loading=\"lazy\" decoding=\"async\" width=\"640\" height=\"539\" src=\"https:\/\/gwendosavons.fr\/wp-content\/uploads\/2023\/11\/savon-liquide-groupe-2-1024x862.jpg\" class=\"attachment-large size-large wp-image-781\" alt=\"\" srcset=\"https:\/\/gwendosavons.fr\/wp-content\/uploads\/2023\/11\/savon-liquide-groupe-2-1024x862.jpg 1024w, https:\/\/gwendosavons.fr\/wp-content\/uploads\/2023\/11\/savon-liquide-groupe-2-300x253.jpg 300w, https:\/\/gwendosavons.fr\/wp-content\/uploads\/2023\/11\/savon-liquide-groupe-2-768x647.jpg 768w, https:\/\/gwendosavons.fr\/wp-content\/uploads\/2023\/11\/savon-liquide-groupe-2-1536x1294.jpg 1536w, https:\/\/gwendosavons.fr\/wp-content\/uploads\/2023\/11\/savon-liquide-groupe-2-2048x1725.jpg 2048w, https:\/\/gwendosavons.fr\/wp-content\/uploads\/2023\/11\/savon-liquide-groupe-2-600x505.jpg 600w\" sizes=\"(max-width: 640px) 100vw, 640px\" \/>\t\t\t\t\t\t\t\t\t\t\t\t\t\t\t<\/div>\n\t\t\t\t<\/div>\n\t\t\t\t\t<\/div>\n\t\t<\/div>\n\t\t\t\t\t\t\t<\/div>\n\t\t<\/section>\n\t\t\t\t<section class=\"elementor-section elementor-top-section elementor-element elementor-element-bf09043 elementor-section-boxed elementor-section-height-default elementor-section-height-default\" data-id=\"bf09043\" data-element_type=\"section\">\n\t\t\t\t\t\t<div class=\"elementor-container elementor-column-gap-default\">\n\t\t\t\t\t<div class=\"elementor-column elementor-col-100 elementor-top-column elementor-element elementor-element-4d7d2fb\" data-id=\"4d7d2fb\" data-element_type=\"column\">\n\t\t\t<div class=\"elementor-widget-wrap elementor-element-populated\">\n\t\t\t\t\t\t\t\t<div class=\"elementor-element elementor-element-19044f3 elementor-widget elementor-widget-google_maps\" data-id=\"19044f3\" data-element_type=\"widget\" data-widget_type=\"google_maps.default\">\n\t\t\t\t<div class=\"elementor-widget-container\">\n\t\t\t\t\t<div class=\"elementor-custom-embed\">\n\t\t\t<iframe loading=\"lazy\"\n\t\t\t\t\tsrc=\"https:\/\/maps.google.com\/maps?q=181%20chemin%20du%20s%C3%A9qu%C3%A9%20&#038;t=m&#038;z=10&#038;output=embed&#038;iwloc=near\"\n\t\t\t\t\ttitle=\"181 chemin du s\u00e9qu\u00e9 \"\n\t\t\t\t\taria-label=\"181 chemin du s\u00e9qu\u00e9 \"\n\t\t\t><\/iframe>\n\t\t<\/div>\n\t\t\t\t<\/div>\n\t\t\t\t<\/div>\n\t\t\t\t<div class=\"elementor-element elementor-element-928c782 elementor-align-justify elementor-widget elementor-widget-button\" data-id=\"928c782\" data-element_type=\"widget\" data-widget_type=\"button.default\">\n\t\t\t\t<div class=\"elementor-widget-container\">\n\t\t\t\t\t<div class=\"elementor-button-wrapper\">\n\t\t\t<a class=\"elementor-button elementor-button-link elementor-size-sm\" href=\"https:\/\/gwendosavons.fr\/\">\n\t\t\t\t\t\t<span class=\"elementor-button-content-wrapper\">\n\t\t\t\t\t\t<span class=\"elementor-button-text\">Retour \u00e0 l'accueil<\/span>\n\t\t<\/span>\n\t\t\t\t\t<\/a>\n\t\t<\/div>\n\t\t\t\t<\/div>\n\t\t\t\t<\/div>\n\t\t\t\t\t<\/div>\n\t\t<\/div>\n\t\t\t\t\t\t\t<\/div>\n\t\t<\/section>\n\t\t\t\t\t\t\t<\/div>\n\t\t","protected":false},"excerpt":{"rendered":"<p>La savonnerie Gwen&rsquo;d\u00f4 a vu le jour \u00e0 Peyrehorade dans le sud des Landes. De plus en plus de consommateurs, dont je fais partie, se tournent vers des produits sains.<\/p>\n","protected":false},"author":2,"featured_media":0,"parent":0,"menu_order":0,"comment_status":"closed","ping_status":"closed","template":"","meta":{"footnotes":""},"yoast_head":"<!-- This site is optimized with the Yoast SEO plugin v22.4 - https:\/\/yoast.com\/wordpress\/plugins\/seo\/ -->\n<title>Notre histoire - Gwendo-Savons<\/title>\n<meta name=\"description\" content=\"Vous trouverez ici l&#039;histoire de notre savonnerie\" \/>\n<meta name=\"robots\" content=\"index, follow, max-snippet:-1, max-image-preview:large, max-video-preview:-1\" \/>\n<link rel=\"canonical\" href=\"https:\/\/gwendosavons.fr\/index.php\/nos-secrets-de-fabrication\/\" \/>\n<meta property=\"og:locale\" content=\"fr_FR\" \/>\n<meta property=\"og:type\" content=\"article\" \/>\n<meta property=\"og:title\" content=\"Notre histoire - Gwendo-Savons\" \/>\n<meta property=\"og:description\" content=\"Vous trouverez ici l&#039;histoire de notre savonnerie\" \/>\n<meta property=\"og:url\" content=\"https:\/\/gwendosavons.fr\/index.php\/nos-secrets-de-fabrication\/\" \/>\n<meta property=\"og:site_name\" content=\"Gwendo-Savons\" \/>\n<meta property=\"article:modified_time\" content=\"2023-12-04T09:09:37+00:00\" \/>\n<meta property=\"og:image\" content=\"https:\/\/gwendosavons.fr\/wp-content\/uploads\/2023\/11\/savon-liquide-groupe-2-1024x862.jpg\" \/>\n<meta name=\"twitter:card\" content=\"summary_large_image\" \/>\n<meta name=\"twitter:label1\" content=\"Dur\u00e9e de lecture estim\u00e9e\" \/>\n\t<meta name=\"twitter:data1\" content=\"1 minute\" \/>\n<script type=\"application\/ld+json\" class=\"yoast-schema-graph\">{\"@context\":\"https:\/\/schema.org\",\"@graph\":[{\"@type\":\"WebPage\",\"@id\":\"https:\/\/gwendosavons.fr\/index.php\/nos-secrets-de-fabrication\/\",\"url\":\"https:\/\/gwendosavons.fr\/index.php\/nos-secrets-de-fabrication\/\",\"name\":\"Notre histoire - Gwendo-Savons\",\"isPartOf\":{\"@id\":\"https:\/\/gwendosavons.fr\/#website\"},\"primaryImageOfPage\":{\"@id\":\"https:\/\/gwendosavons.fr\/index.php\/nos-secrets-de-fabrication\/#primaryimage\"},\"image\":{\"@id\":\"https:\/\/gwendosavons.fr\/index.php\/nos-secrets-de-fabrication\/#primaryimage\"},\"thumbnailUrl\":\"https:\/\/gwendosavons.fr\/wp-content\/uploads\/2023\/11\/savon-liquide-groupe-2-1024x862.jpg\",\"datePublished\":\"2023-11-24T09:35:53+00:00\",\"dateModified\":\"2023-12-04T09:09:37+00:00\",\"description\":\"Vous trouverez ici l'histoire de notre savonnerie\",\"breadcrumb\":{\"@id\":\"https:\/\/gwendosavons.fr\/index.php\/nos-secrets-de-fabrication\/#breadcrumb\"},\"inLanguage\":\"fr-FR\",\"potentialAction\":[{\"@type\":\"ReadAction\",\"target\":[\"https:\/\/gwendosavons.fr\/index.php\/nos-secrets-de-fabrication\/\"]}]},{\"@type\":\"ImageObject\",\"inLanguage\":\"fr-FR\",\"@id\":\"https:\/\/gwendosavons.fr\/index.php\/nos-secrets-de-fabrication\/#primaryimage\",\"url\":\"https:\/\/gwendosavons.fr\/wp-content\/uploads\/2023\/11\/savon-liquide-groupe-2-scaled.jpg\",\"contentUrl\":\"https:\/\/gwendosavons.fr\/wp-content\/uploads\/2023\/11\/savon-liquide-groupe-2-scaled.jpg\",\"width\":2560,\"height\":2156},{\"@type\":\"BreadcrumbList\",\"@id\":\"https:\/\/gwendosavons.fr\/index.php\/nos-secrets-de-fabrication\/#breadcrumb\",\"itemListElement\":[{\"@type\":\"ListItem\",\"position\":1,\"name\":\"Home\",\"item\":\"https:\/\/gwendosavons.fr\/\"},{\"@type\":\"ListItem\",\"position\":2,\"name\":\"Notre histoire\"}]},{\"@type\":\"WebSite\",\"@id\":\"https:\/\/gwendosavons.fr\/#website\",\"url\":\"https:\/\/gwendosavons.fr\/\",\"name\":\"Gwendo-Savons\",\"description\":\"\",\"publisher\":{\"@id\":\"https:\/\/gwendosavons.fr\/#organization\"},\"potentialAction\":[{\"@type\":\"SearchAction\",\"target\":{\"@type\":\"EntryPoint\",\"urlTemplate\":\"https:\/\/gwendosavons.fr\/?s={search_term_string}\"},\"query-input\":\"required name=search_term_string\"}],\"inLanguage\":\"fr-FR\"},{\"@type\":\"Organization\",\"@id\":\"https:\/\/gwendosavons.fr\/#organization\",\"name\":\"Gwendo-Savons\",\"url\":\"https:\/\/gwendosavons.fr\/\",\"logo\":{\"@type\":\"ImageObject\",\"inLanguage\":\"fr-FR\",\"@id\":\"https:\/\/gwendosavons.fr\/#\/schema\/logo\/image\/\",\"url\":\"https:\/\/gwendosavons.fr\/wp-content\/uploads\/2020\/12\/cropped-Capture-logo.jpg\",\"contentUrl\":\"https:\/\/gwendosavons.fr\/wp-content\/uploads\/2020\/12\/cropped-Capture-logo.jpg\",\"width\":278,\"height\":185,\"caption\":\"Gwendo-Savons\"},\"image\":{\"@id\":\"https:\/\/gwendosavons.fr\/#\/schema\/logo\/image\/\"}}]}<\/script>\n<!-- \/ Yoast SEO plugin. -->","yoast_head_json":{"title":"Notre histoire - Gwendo-Savons","description":"Vous trouverez ici l'histoire de notre savonnerie","robots":{"index":"index","follow":"follow","max-snippet":"max-snippet:-1","max-image-preview":"max-image-preview:large","max-video-preview":"max-video-preview:-1"},"canonical":"https:\/\/gwendosavons.fr\/index.php\/nos-secrets-de-fabrication\/","og_locale":"fr_FR","og_type":"article","og_title":"Notre histoire - Gwendo-Savons","og_description":"Vous trouverez ici l'histoire de notre savonnerie","og_url":"https:\/\/gwendosavons.fr\/index.php\/nos-secrets-de-fabrication\/","og_site_name":"Gwendo-Savons","article_modified_time":"2023-12-04T09:09:37+00:00","og_image":[{"url":"https:\/\/gwendosavons.fr\/wp-content\/uploads\/2023\/11\/savon-liquide-groupe-2-1024x862.jpg"}],"twitter_card":"summary_large_image","twitter_misc":{"Dur\u00e9e de lecture estim\u00e9e":"1 minute"},"schema":{"@context":"https:\/\/schema.org","@graph":[{"@type":"WebPage","@id":"https:\/\/gwendosavons.fr\/index.php\/nos-secrets-de-fabrication\/","url":"https:\/\/gwendosavons.fr\/index.php\/nos-secrets-de-fabrication\/","name":"Notre histoire - Gwendo-Savons","isPartOf":{"@id":"https:\/\/gwendosavons.fr\/#website"},"primaryImageOfPage":{"@id":"https:\/\/gwendosavons.fr\/index.php\/nos-secrets-de-fabrication\/#primaryimage"},"image":{"@id":"https:\/\/gwendosavons.fr\/index.php\/nos-secrets-de-fabrication\/#primaryimage"},"thumbnailUrl":"https:\/\/gwendosavons.fr\/wp-content\/uploads\/2023\/11\/savon-liquide-groupe-2-1024x862.jpg","datePublished":"2023-11-24T09:35:53+00:00","dateModified":"2023-12-04T09:09:37+00:00","description":"Vous trouverez ici l'histoire de notre savonnerie","breadcrumb":{"@id":"https:\/\/gwendosavons.fr\/index.php\/nos-secrets-de-fabrication\/#breadcrumb"},"inLanguage":"fr-FR","potentialAction":[{"@type":"ReadAction","target":["https:\/\/gwendosavons.fr\/index.php\/nos-secrets-de-fabrication\/"]}]},{"@type":"ImageObject","inLanguage":"fr-FR","@id":"https:\/\/gwendosavons.fr\/index.php\/nos-secrets-de-fabrication\/#primaryimage","url":"https:\/\/gwendosavons.fr\/wp-content\/uploads\/2023\/11\/savon-liquide-groupe-2-scaled.jpg","contentUrl":"https:\/\/gwendosavons.fr\/wp-content\/uploads\/2023\/11\/savon-liquide-groupe-2-scaled.jpg","width":2560,"height":2156},{"@type":"BreadcrumbList","@id":"https:\/\/gwendosavons.fr\/index.php\/nos-secrets-de-fabrication\/#breadcrumb","itemListElement":[{"@type":"ListItem","position":1,"name":"Home","item":"https:\/\/gwendosavons.fr\/"},{"@type":"ListItem","position":2,"name":"Notre histoire"}]},{"@type":"WebSite","@id":"https:\/\/gwendosavons.fr\/#website","url":"https:\/\/gwendosavons.fr\/","name":"Gwendo-Savons","description":"","publisher":{"@id":"https:\/\/gwendosavons.fr\/#organization"},"potentialAction":[{"@type":"SearchAction","target":{"@type":"EntryPoint","urlTemplate":"https:\/\/gwendosavons.fr\/?s={search_term_string}"},"query-input":"required name=search_term_string"}],"inLanguage":"fr-FR"},{"@type":"Organization","@id":"https:\/\/gwendosavons.fr\/#organization","name":"Gwendo-Savons","url":"https:\/\/gwendosavons.fr\/","logo":{"@type":"ImageObject","inLanguage":"fr-FR","@id":"https:\/\/gwendosavons.fr\/#\/schema\/logo\/image\/","url":"https:\/\/gwendosavons.fr\/wp-content\/uploads\/2020\/12\/cropped-Capture-logo.jpg","contentUrl":"https:\/\/gwendosavons.fr\/wp-content\/uploads\/2020\/12\/cropped-Capture-logo.jpg","width":278,"height":185,"caption":"Gwendo-Savons"},"image":{"@id":"https:\/\/gwendosavons.fr\/#\/schema\/logo\/image\/"}}]}},"_links":{"self":[{"href":"https:\/\/gwendosavons.fr\/index.php\/wp-json\/wp\/v2\/pages\/763"}],"collection":[{"href":"https:\/\/gwendosavons.fr\/index.php\/wp-json\/wp\/v2\/pages"}],"about":[{"href":"https:\/\/gwendosavons.fr\/index.php\/wp-json\/wp\/v2\/types\/page"}],"author":[{"embeddable":true,"href":"https:\/\/gwendosavons.fr\/index.php\/wp-json\/wp\/v2\/users\/2"}],"replies":[{"embeddable":true,"href":"https:\/\/gwendosavons.fr\/index.php\/wp-json\/wp\/v2\/comments?post=763"}],"version-history":[{"count":11,"href":"https:\/\/gwendosavons.fr\/index.php\/wp-json\/wp\/v2\/pages\/763\/revisions"}],"predecessor-version":[{"id":1082,"href":"https:\/\/gwendosavons.fr\/index.php\/wp-json\/wp\/v2\/pages\/763\/revisions\/1082"}],"wp:attachment":[{"href":"https:\/\/gwendosavons.fr\/index.php\/wp-json\/wp\/v2\/media?parent=763"}],"curies":[{"name":"wp","href":"https:\/\/api.w.org\/{rel}","templated":true}]}}