{"id":157,"date":"2021-02-04T06:55:45","date_gmt":"2021-02-04T06:55:45","guid":{"rendered":"https:\/\/gwendosavons.fr\/?post_type=product&#038;p=157"},"modified":"2023-12-04T10:16:57","modified_gmt":"2023-12-04T10:16:57","slug":"savon-fleur-omel","status":"publish","type":"product","link":"https:\/\/gwendosavons.fr\/index.php\/product\/savon-fleur-omel\/","title":{"rendered":"Savon Fleur \u00d4&rsquo;MEL"},"content":{"rendered":"\t\t<div data-elementor-type=\"wp-post\" data-elementor-id=\"157\" class=\"elementor elementor-157\">\n\t\t\t\t\t\t\t\t\t<section class=\"elementor-section elementor-top-section elementor-element elementor-element-32245faf elementor-section-boxed elementor-section-height-default elementor-section-height-default\" data-id=\"32245faf\" data-element_type=\"section\">\n\t\t\t\t\t\t<div class=\"elementor-container elementor-column-gap-default\">\n\t\t\t\t\t<div class=\"elementor-column elementor-col-100 elementor-top-column elementor-element elementor-element-2a1acbac\" data-id=\"2a1acbac\" data-element_type=\"column\">\n\t\t\t<div class=\"elementor-widget-wrap elementor-element-populated\">\n\t\t\t\t\t\t\t\t<div class=\"elementor-element elementor-element-c16af4 elementor-widget elementor-widget-text-editor\" data-id=\"c16af4\" data-element_type=\"widget\" data-widget_type=\"text-editor.default\">\n\t\t\t\t<div class=\"elementor-widget-container\">\n\t\t\t\t\t\t\tLe savon <strong>\u00d4\u2019Mel<\/strong>, <strong>riche en huile d\u2019Olive et beurre de Karit\u00e9 associ\u00e9 au Miel<\/strong>, sera votre meilleur alli\u00e9 pour prot\u00e9ger votre peau contre les intemp\u00e9ries ext\u00e9rieures . Leurs propri\u00e9t\u00e9s <em><strong>nourrissantes<\/strong><\/em> et\u00a0 <strong><em>adoucissantes<\/em><\/strong>\u00a0 offrent \u00e0 votre peau toute la <em><strong>douceur<\/strong><\/em> n\u00e9cessaire.\r\n\r\n<em><strong>Le miel<\/strong><\/em> est un <strong><em>cicatrisant naturel,<\/em><\/strong> c\u2019est un excellent alli\u00e9 pour votre peau, un ingr\u00e9dient phare dans les cosm\u00e9tiques. L\u2019huile d\u2019Olive, quant \u00e0 elle, est un excellent atout pour <em><strong>les peaux r\u00e9actives<\/strong><\/em> car elle <strong>calme<\/strong> et <strong>apaise<\/strong> les rougeurs et irritations.\r\n\r\nCompos\u00e9 d&rsquo;huile d&rsquo;Olive <strong>Bio<\/strong>, de beurre de Karit\u00e9 <strong>Bio<\/strong>, d\u2019huile de Coco <strong>Bio<\/strong>, de Cire d&rsquo;abeille <strong>(producteur local)<\/strong>, \u00a0de Miel <strong>(producteur local)<\/strong>, \u00a0d\u2019 eau, \u00a0de glyc\u00e9rine (issue de la saponification).\r\n\r\n<em><strong>Surgras \u00e0 7%<\/strong><\/em>\r\n\r\nCe savon peut-\u00eatre utilis\u00e9 pour votre corps mais aussi pour le visage, \u00e9viter cependant d\u2019ouvrir les yeux, car ils vous piqueront.\r\n\r\nBien \u00e9goutter le savon sur un porte-savon apr\u00e8s chaque utilisation.\r\n\r\n\u00c0 conserver \u00e0 l&rsquo;abri de la lumi\u00e8re, de la chaleur et de l&rsquo;humidit\u00e9.\t\t\t\t\t\t<\/div>\n\t\t\t\t<\/div>\n\t\t\t\t\t<\/div>\n\t\t<\/div>\n\t\t\t\t\t\t\t<\/div>\n\t\t<\/section>\n\t\t\t\t\t\t\t<\/div>\n\t\t","protected":false},"excerpt":{"rendered":"<p>Savon au Miel et Cire d&rsquo;abeille.<\/p>\n<p>Un savon tout doux, id\u00e9al peaux r\u00e9actives et sensibles !<\/p>\n","protected":false},"featured_media":821,"comment_status":"open","ping_status":"closed","template":"","meta":[],"product_cat":[72],"product_tag":[],"yoast_head":"<!-- This site is optimized with the Yoast SEO plugin v22.4 - https:\/\/yoast.com\/wordpress\/plugins\/seo\/ -->\n<title>Savon Fleur \u00d4&#039;MEL - Gwendo-Savons<\/title>\n<meta name=\"description\" content=\"Le Savons Fleur \u00d4&#039;MEL est un savon tout doux \u00e0 l\u2019odeur sucr\u00e9e, il est id\u00e9al pour les peaux sensibles et r\u00e9actives, sans parfum.\" \/>\n<meta name=\"robots\" content=\"index, follow, max-snippet:-1, max-image-preview:large, max-video-preview:-1\" \/>\n<link rel=\"canonical\" href=\"https:\/\/gwendosavons.fr\/index.php\/product\/savon-fleur-omel\/\" \/>\n<meta property=\"og:locale\" content=\"fr_FR\" \/>\n<meta property=\"og:type\" content=\"article\" \/>\n<meta property=\"og:title\" content=\"Savon Fleur \u00d4&#039;MEL - Gwendo-Savons\" \/>\n<meta property=\"og:description\" content=\"Le Savons Fleur \u00d4&#039;MEL est un savon tout doux \u00e0 l\u2019odeur sucr\u00e9e, il est id\u00e9al pour les peaux sensibles et r\u00e9actives, sans parfum.\" \/>\n<meta property=\"og:url\" content=\"https:\/\/gwendosavons.fr\/index.php\/product\/savon-fleur-omel\/\" \/>\n<meta property=\"og:site_name\" content=\"Gwendo-Savons\" \/>\n<meta property=\"article:modified_time\" content=\"2023-12-04T10:16:57+00:00\" \/>\n<meta property=\"og:image\" content=\"https:\/\/gwendosavons.fr\/wp-content\/uploads\/2022\/01\/site-fleur-omel-groupe.jpeg\" \/>\n\t<meta property=\"og:image:width\" content=\"2463\" \/>\n\t<meta property=\"og:image:height\" content=\"2016\" \/>\n\t<meta property=\"og:image:type\" content=\"image\/jpeg\" \/>\n<meta name=\"twitter:card\" content=\"summary_large_image\" \/>\n<meta name=\"twitter:label1\" content=\"Dur\u00e9e de lecture estim\u00e9e\" \/>\n\t<meta name=\"twitter:data1\" content=\"1 minute\" \/>\n<script type=\"application\/ld+json\" class=\"yoast-schema-graph\">{\"@context\":\"https:\/\/schema.org\",\"@graph\":[{\"@type\":\"WebPage\",\"@id\":\"https:\/\/gwendosavons.fr\/index.php\/product\/savon-fleur-omel\/\",\"url\":\"https:\/\/gwendosavons.fr\/index.php\/product\/savon-fleur-omel\/\",\"name\":\"Savon Fleur \u00d4'MEL - Gwendo-Savons\",\"isPartOf\":{\"@id\":\"https:\/\/gwendosavons.fr\/#website\"},\"primaryImageOfPage\":{\"@id\":\"https:\/\/gwendosavons.fr\/index.php\/product\/savon-fleur-omel\/#primaryimage\"},\"image\":{\"@id\":\"https:\/\/gwendosavons.fr\/index.php\/product\/savon-fleur-omel\/#primaryimage\"},\"thumbnailUrl\":\"https:\/\/gwendosavons.fr\/wp-content\/uploads\/2022\/01\/site-fleur-omel-groupe.jpeg\",\"datePublished\":\"2021-02-04T06:55:45+00:00\",\"dateModified\":\"2023-12-04T10:16:57+00:00\",\"description\":\"Le Savons Fleur \u00d4'MEL est un savon tout doux \u00e0 l\u2019odeur sucr\u00e9e, il est id\u00e9al pour les peaux sensibles et r\u00e9actives, sans parfum.\",\"breadcrumb\":{\"@id\":\"https:\/\/gwendosavons.fr\/index.php\/product\/savon-fleur-omel\/#breadcrumb\"},\"inLanguage\":\"fr-FR\",\"potentialAction\":[{\"@type\":\"ReadAction\",\"target\":[\"https:\/\/gwendosavons.fr\/index.php\/product\/savon-fleur-omel\/\"]}]},{\"@type\":\"ImageObject\",\"inLanguage\":\"fr-FR\",\"@id\":\"https:\/\/gwendosavons.fr\/index.php\/product\/savon-fleur-omel\/#primaryimage\",\"url\":\"https:\/\/gwendosavons.fr\/wp-content\/uploads\/2022\/01\/site-fleur-omel-groupe.jpeg\",\"contentUrl\":\"https:\/\/gwendosavons.fr\/wp-content\/uploads\/2022\/01\/site-fleur-omel-groupe.jpeg\",\"width\":2463,\"height\":2016},{\"@type\":\"BreadcrumbList\",\"@id\":\"https:\/\/gwendosavons.fr\/index.php\/product\/savon-fleur-omel\/#breadcrumb\",\"itemListElement\":[{\"@type\":\"ListItem\",\"position\":1,\"name\":\"Home\",\"item\":\"https:\/\/gwendosavons.fr\/\"},{\"@type\":\"ListItem\",\"position\":2,\"name\":\"Produits\",\"item\":\"https:\/\/gwendosavons.fr\/index.php\/shop\/\"},{\"@type\":\"ListItem\",\"position\":3,\"name\":\"Savon Fleur \u00d4&rsquo;MEL\"}]},{\"@type\":\"WebSite\",\"@id\":\"https:\/\/gwendosavons.fr\/#website\",\"url\":\"https:\/\/gwendosavons.fr\/\",\"name\":\"Gwendo-Savons\",\"description\":\"\",\"publisher\":{\"@id\":\"https:\/\/gwendosavons.fr\/#organization\"},\"potentialAction\":[{\"@type\":\"SearchAction\",\"target\":{\"@type\":\"EntryPoint\",\"urlTemplate\":\"https:\/\/gwendosavons.fr\/?s={search_term_string}\"},\"query-input\":\"required name=search_term_string\"}],\"inLanguage\":\"fr-FR\"},{\"@type\":\"Organization\",\"@id\":\"https:\/\/gwendosavons.fr\/#organization\",\"name\":\"Gwendo-Savons\",\"url\":\"https:\/\/gwendosavons.fr\/\",\"logo\":{\"@type\":\"ImageObject\",\"inLanguage\":\"fr-FR\",\"@id\":\"https:\/\/gwendosavons.fr\/#\/schema\/logo\/image\/\",\"url\":\"https:\/\/gwendosavons.fr\/wp-content\/uploads\/2020\/12\/cropped-Capture-logo.jpg\",\"contentUrl\":\"https:\/\/gwendosavons.fr\/wp-content\/uploads\/2020\/12\/cropped-Capture-logo.jpg\",\"width\":278,\"height\":185,\"caption\":\"Gwendo-Savons\"},\"image\":{\"@id\":\"https:\/\/gwendosavons.fr\/#\/schema\/logo\/image\/\"}}]}<\/script>\n<!-- \/ Yoast SEO plugin. -->","yoast_head_json":{"title":"Savon Fleur \u00d4'MEL - Gwendo-Savons","description":"Le Savons Fleur \u00d4'MEL est un savon tout doux \u00e0 l\u2019odeur sucr\u00e9e, il est id\u00e9al pour les peaux sensibles et r\u00e9actives, sans parfum.","robots":{"index":"index","follow":"follow","max-snippet":"max-snippet:-1","max-image-preview":"max-image-preview:large","max-video-preview":"max-video-preview:-1"},"canonical":"https:\/\/gwendosavons.fr\/index.php\/product\/savon-fleur-omel\/","og_locale":"fr_FR","og_type":"article","og_title":"Savon Fleur \u00d4'MEL - Gwendo-Savons","og_description":"Le Savons Fleur \u00d4'MEL est un savon tout doux \u00e0 l\u2019odeur sucr\u00e9e, il est id\u00e9al pour les peaux sensibles et r\u00e9actives, sans parfum.","og_url":"https:\/\/gwendosavons.fr\/index.php\/product\/savon-fleur-omel\/","og_site_name":"Gwendo-Savons","article_modified_time":"2023-12-04T10:16:57+00:00","og_image":[{"width":2463,"height":2016,"url":"https:\/\/gwendosavons.fr\/wp-content\/uploads\/2022\/01\/site-fleur-omel-groupe.jpeg","type":"image\/jpeg"}],"twitter_card":"summary_large_image","twitter_misc":{"Dur\u00e9e de lecture estim\u00e9e":"1 minute"},"schema":{"@context":"https:\/\/schema.org","@graph":[{"@type":"WebPage","@id":"https:\/\/gwendosavons.fr\/index.php\/product\/savon-fleur-omel\/","url":"https:\/\/gwendosavons.fr\/index.php\/product\/savon-fleur-omel\/","name":"Savon Fleur \u00d4'MEL - Gwendo-Savons","isPartOf":{"@id":"https:\/\/gwendosavons.fr\/#website"},"primaryImageOfPage":{"@id":"https:\/\/gwendosavons.fr\/index.php\/product\/savon-fleur-omel\/#primaryimage"},"image":{"@id":"https:\/\/gwendosavons.fr\/index.php\/product\/savon-fleur-omel\/#primaryimage"},"thumbnailUrl":"https:\/\/gwendosavons.fr\/wp-content\/uploads\/2022\/01\/site-fleur-omel-groupe.jpeg","datePublished":"2021-02-04T06:55:45+00:00","dateModified":"2023-12-04T10:16:57+00:00","description":"Le Savons Fleur \u00d4'MEL est un savon tout doux \u00e0 l\u2019odeur sucr\u00e9e, il est id\u00e9al pour les peaux sensibles et r\u00e9actives, sans parfum.","breadcrumb":{"@id":"https:\/\/gwendosavons.fr\/index.php\/product\/savon-fleur-omel\/#breadcrumb"},"inLanguage":"fr-FR","potentialAction":[{"@type":"ReadAction","target":["https:\/\/gwendosavons.fr\/index.php\/product\/savon-fleur-omel\/"]}]},{"@type":"ImageObject","inLanguage":"fr-FR","@id":"https:\/\/gwendosavons.fr\/index.php\/product\/savon-fleur-omel\/#primaryimage","url":"https:\/\/gwendosavons.fr\/wp-content\/uploads\/2022\/01\/site-fleur-omel-groupe.jpeg","contentUrl":"https:\/\/gwendosavons.fr\/wp-content\/uploads\/2022\/01\/site-fleur-omel-groupe.jpeg","width":2463,"height":2016},{"@type":"BreadcrumbList","@id":"https:\/\/gwendosavons.fr\/index.php\/product\/savon-fleur-omel\/#breadcrumb","itemListElement":[{"@type":"ListItem","position":1,"name":"Home","item":"https:\/\/gwendosavons.fr\/"},{"@type":"ListItem","position":2,"name":"Produits","item":"https:\/\/gwendosavons.fr\/index.php\/shop\/"},{"@type":"ListItem","position":3,"name":"Savon Fleur \u00d4&rsquo;MEL"}]},{"@type":"WebSite","@id":"https:\/\/gwendosavons.fr\/#website","url":"https:\/\/gwendosavons.fr\/","name":"Gwendo-Savons","description":"","publisher":{"@id":"https:\/\/gwendosavons.fr\/#organization"},"potentialAction":[{"@type":"SearchAction","target":{"@type":"EntryPoint","urlTemplate":"https:\/\/gwendosavons.fr\/?s={search_term_string}"},"query-input":"required name=search_term_string"}],"inLanguage":"fr-FR"},{"@type":"Organization","@id":"https:\/\/gwendosavons.fr\/#organization","name":"Gwendo-Savons","url":"https:\/\/gwendosavons.fr\/","logo":{"@type":"ImageObject","inLanguage":"fr-FR","@id":"https:\/\/gwendosavons.fr\/#\/schema\/logo\/image\/","url":"https:\/\/gwendosavons.fr\/wp-content\/uploads\/2020\/12\/cropped-Capture-logo.jpg","contentUrl":"https:\/\/gwendosavons.fr\/wp-content\/uploads\/2020\/12\/cropped-Capture-logo.jpg","width":278,"height":185,"caption":"Gwendo-Savons"},"image":{"@id":"https:\/\/gwendosavons.fr\/#\/schema\/logo\/image\/"}}]}},"_links":{"self":[{"href":"https:\/\/gwendosavons.fr\/index.php\/wp-json\/wp\/v2\/product\/157"}],"collection":[{"href":"https:\/\/gwendosavons.fr\/index.php\/wp-json\/wp\/v2\/product"}],"about":[{"href":"https:\/\/gwendosavons.fr\/index.php\/wp-json\/wp\/v2\/types\/product"}],"replies":[{"embeddable":true,"href":"https:\/\/gwendosavons.fr\/index.php\/wp-json\/wp\/v2\/comments?post=157"}],"version-history":[{"count":14,"href":"https:\/\/gwendosavons.fr\/index.php\/wp-json\/wp\/v2\/product\/157\/revisions"}],"predecessor-version":[{"id":594,"href":"https:\/\/gwendosavons.fr\/index.php\/wp-json\/wp\/v2\/product\/157\/revisions\/594"}],"wp:featuredmedia":[{"embeddable":true,"href":"https:\/\/gwendosavons.fr\/index.php\/wp-json\/wp\/v2\/media\/821"}],"wp:attachment":[{"href":"https:\/\/gwendosavons.fr\/index.php\/wp-json\/wp\/v2\/media?parent=157"}],"wp:term":[{"taxonomy":"product_cat","embeddable":true,"href":"https:\/\/gwendosavons.fr\/index.php\/wp-json\/wp\/v2\/product_cat?post=157"},{"taxonomy":"product_tag","embeddable":true,"href":"https:\/\/gwendosavons.fr\/index.php\/wp-json\/wp\/v2\/product_tag?post=157"}],"curies":[{"name":"wp","href":"https:\/\/api.w.org\/{rel}","templated":true}]}}