{"id":190,"date":"2021-02-05T19:18:09","date_gmt":"2021-02-05T19:18:09","guid":{"rendered":"https:\/\/gwendosavons.fr\/?post_type=product&#038;p=190"},"modified":"2026-05-04T10:40:02","modified_gmt":"2026-05-04T10:40:02","slug":"fleur-osaturnin","status":"publish","type":"product","link":"https:\/\/gwendosavons.fr\/index.php\/product\/fleur-osaturnin\/","title":{"rendered":"Fleur \u00d4Saturnin"},"content":{"rendered":"<p>Une mousse <b>onctueuse<\/b> et un \u00a0doux parfum floral.<\/p>\n<p>Id\u00e9al pour les <b>peaux s\u00e8ches et sensibles <\/b>!<\/p>\n<p>Ce savon est \u00e0 base de <b>graisse de canard<\/b>, une mati\u00e8re premi\u00e8re de notre <b>terroir Landais<\/b>. Vous appr\u00e9cierez sa mousse onctueuse et <b>cr\u00e9meuse ! <\/b>Un vrai<b> r\u00e9gal<\/b> !<\/p>\n<p>Le saviez-vous ? En dehors du fait que cuisiner avec de la graisse de canard est <b>d\u00e9licieux<\/b>,\u00a0 elle est \u00e9galement un v\u00e9ritable partenaire pour prendre soin de votre peau ! Elle apporte <b>douceur<\/b> aux peaux sensibles et s\u00e8ches.<\/p>\n<p>L\u2019huile de Coco <b>prot\u00e8ge, hydrate et adoucie <\/b>la peau en profondeur.<\/p>\n<p>Compos\u00e9 d\u2019huile de Coco <b>Bio <\/b>et de graisse de canard <b>(producteur local)<\/b>, d\u2019eau, de Glyc\u00e9rine <b>(issue de la saponification<\/b><b>) <\/b>et d\u2019huile essentielle de G\u00e9ranium <strong>Bio<\/strong>.<\/p>\n<p><i>En <\/i><i>raison de pr\u00e9sence d\u2019huiles essentielles, ce savon est\u00a0 d\u00e9conseill\u00e9 aux enfants de moins de 3 <\/i><i>ans.<\/i><\/p>\n<p><strong>Surgras \u00e0 10%<\/strong><\/p>\n<p>Poids : 75g<\/p>\n<p>Savon pour le corps et le visage, cependant \u00e9vitez d\u2019ouvrir les yeux car ils vous piqueront !<\/p>\n<p>Bien \u00e9goutter le savon sur un porte-savon apr\u00e8s chaque utilisation.<\/p>\n<p>\u00c0 conserver \u00e0 l&rsquo;abri de la lumi\u00e8re, de la chaleur et de l&rsquo;humidit\u00e9.<\/p>\n<p>Ingr\u00e9dients et <b>sa traduction<\/b>: Sodium Cocoate <b>(huile de coco saponifi\u00e9e)<\/b>, Sodium Duck Fatate <b>(graisse de canard saponifi\u00e9e)<\/b>, Aqua <b>(eau), <\/b>Glycerin <b><i>(Glyc\u00e9rine)<\/i><\/b>, Cocos Nucifera Oil <b>(huile de coco), <\/b>Duck Fat <b>(graisse de canard), <\/b>Pelargonium Graveolens Flower Oil <b>(huile essentielle de G\u00e9ranium)<\/b>, Citral*, Citronellol*, Geraniol*, Linalool*<\/p>\n<p>*Allerg\u00e8nes pr\u00e9sents naturellement dans les huiles essentielles<\/p>\n<p>&nbsp;<\/p>\n","protected":false},"excerpt":{"rendered":"<p>Une mousse cr\u00e9meuse et un parfum floral !<\/p>\n<p>Id\u00e9al pour les peaux s\u00e8ches et sensibles.<\/p>\n","protected":false},"featured_media":811,"comment_status":"open","ping_status":"closed","template":"","meta":[],"product_cat":[72,61],"product_tag":[],"yoast_head":"<!-- This site is optimized with the Yoast SEO plugin v22.4 - https:\/\/yoast.com\/wordpress\/plugins\/seo\/ -->\n<title>Fleur \u00d4Saturnin - Gwendo-Savons<\/title>\n<meta name=\"robots\" content=\"index, follow, max-snippet:-1, max-image-preview:large, max-video-preview:-1\" \/>\n<link rel=\"canonical\" href=\"https:\/\/gwendosavons.fr\/index.php\/product\/fleur-osaturnin\/\" \/>\n<meta property=\"og:locale\" content=\"fr_FR\" \/>\n<meta property=\"og:type\" content=\"article\" \/>\n<meta property=\"og:title\" content=\"Fleur \u00d4Saturnin - Gwendo-Savons\" \/>\n<meta property=\"og:description\" content=\"Une mousse cr\u00e9meuse et un parfum floral !  Id\u00e9al pour les peaux s\u00e8ches et sensibles.\" \/>\n<meta property=\"og:url\" content=\"https:\/\/gwendosavons.fr\/index.php\/product\/fleur-osaturnin\/\" \/>\n<meta property=\"og:site_name\" content=\"Gwendo-Savons\" \/>\n<meta property=\"article:modified_time\" content=\"2026-05-04T10:40:02+00:00\" \/>\n<meta property=\"og:image\" content=\"https:\/\/gwendosavons.fr\/wp-content\/uploads\/2021\/02\/site-saturnin-fleur-grp-scaled.jpg\" \/>\n\t<meta property=\"og:image:width\" content=\"2471\" \/>\n\t<meta property=\"og:image:height\" content=\"2560\" \/>\n\t<meta property=\"og:image:type\" content=\"image\/jpeg\" \/>\n<meta name=\"twitter:card\" content=\"summary_large_image\" \/>\n<meta name=\"twitter:label1\" content=\"Dur\u00e9e de lecture estim\u00e9e\" \/>\n\t<meta name=\"twitter:data1\" content=\"2 minutes\" \/>\n<script type=\"application\/ld+json\" class=\"yoast-schema-graph\">{\"@context\":\"https:\/\/schema.org\",\"@graph\":[{\"@type\":\"WebPage\",\"@id\":\"https:\/\/gwendosavons.fr\/index.php\/product\/fleur-osaturnin\/\",\"url\":\"https:\/\/gwendosavons.fr\/index.php\/product\/fleur-osaturnin\/\",\"name\":\"Fleur \u00d4Saturnin - Gwendo-Savons\",\"isPartOf\":{\"@id\":\"https:\/\/gwendosavons.fr\/#website\"},\"primaryImageOfPage\":{\"@id\":\"https:\/\/gwendosavons.fr\/index.php\/product\/fleur-osaturnin\/#primaryimage\"},\"image\":{\"@id\":\"https:\/\/gwendosavons.fr\/index.php\/product\/fleur-osaturnin\/#primaryimage\"},\"thumbnailUrl\":\"https:\/\/gwendosavons.fr\/wp-content\/uploads\/2021\/02\/site-saturnin-fleur-grp-scaled.jpg\",\"datePublished\":\"2021-02-05T19:18:09+00:00\",\"dateModified\":\"2026-05-04T10:40:02+00:00\",\"breadcrumb\":{\"@id\":\"https:\/\/gwendosavons.fr\/index.php\/product\/fleur-osaturnin\/#breadcrumb\"},\"inLanguage\":\"fr-FR\",\"potentialAction\":[{\"@type\":\"ReadAction\",\"target\":[\"https:\/\/gwendosavons.fr\/index.php\/product\/fleur-osaturnin\/\"]}]},{\"@type\":\"ImageObject\",\"inLanguage\":\"fr-FR\",\"@id\":\"https:\/\/gwendosavons.fr\/index.php\/product\/fleur-osaturnin\/#primaryimage\",\"url\":\"https:\/\/gwendosavons.fr\/wp-content\/uploads\/2021\/02\/site-saturnin-fleur-grp-scaled.jpg\",\"contentUrl\":\"https:\/\/gwendosavons.fr\/wp-content\/uploads\/2021\/02\/site-saturnin-fleur-grp-scaled.jpg\",\"width\":2471,\"height\":2560},{\"@type\":\"BreadcrumbList\",\"@id\":\"https:\/\/gwendosavons.fr\/index.php\/product\/fleur-osaturnin\/#breadcrumb\",\"itemListElement\":[{\"@type\":\"ListItem\",\"position\":1,\"name\":\"Home\",\"item\":\"https:\/\/gwendosavons.fr\/\"},{\"@type\":\"ListItem\",\"position\":2,\"name\":\"Produits\",\"item\":\"https:\/\/gwendosavons.fr\/index.php\/shop\/\"},{\"@type\":\"ListItem\",\"position\":3,\"name\":\"Fleur \u00d4Saturnin\"}]},{\"@type\":\"WebSite\",\"@id\":\"https:\/\/gwendosavons.fr\/#website\",\"url\":\"https:\/\/gwendosavons.fr\/\",\"name\":\"Gwendo-Savons\",\"description\":\"\",\"publisher\":{\"@id\":\"https:\/\/gwendosavons.fr\/#organization\"},\"potentialAction\":[{\"@type\":\"SearchAction\",\"target\":{\"@type\":\"EntryPoint\",\"urlTemplate\":\"https:\/\/gwendosavons.fr\/?s={search_term_string}\"},\"query-input\":\"required name=search_term_string\"}],\"inLanguage\":\"fr-FR\"},{\"@type\":\"Organization\",\"@id\":\"https:\/\/gwendosavons.fr\/#organization\",\"name\":\"Gwendo-Savons\",\"url\":\"https:\/\/gwendosavons.fr\/\",\"logo\":{\"@type\":\"ImageObject\",\"inLanguage\":\"fr-FR\",\"@id\":\"https:\/\/gwendosavons.fr\/#\/schema\/logo\/image\/\",\"url\":\"https:\/\/gwendosavons.fr\/wp-content\/uploads\/2020\/12\/cropped-Capture-logo.jpg\",\"contentUrl\":\"https:\/\/gwendosavons.fr\/wp-content\/uploads\/2020\/12\/cropped-Capture-logo.jpg\",\"width\":278,\"height\":185,\"caption\":\"Gwendo-Savons\"},\"image\":{\"@id\":\"https:\/\/gwendosavons.fr\/#\/schema\/logo\/image\/\"}}]}<\/script>\n<!-- \/ Yoast SEO plugin. -->","yoast_head_json":{"title":"Fleur \u00d4Saturnin - Gwendo-Savons","robots":{"index":"index","follow":"follow","max-snippet":"max-snippet:-1","max-image-preview":"max-image-preview:large","max-video-preview":"max-video-preview:-1"},"canonical":"https:\/\/gwendosavons.fr\/index.php\/product\/fleur-osaturnin\/","og_locale":"fr_FR","og_type":"article","og_title":"Fleur \u00d4Saturnin - Gwendo-Savons","og_description":"Une mousse cr\u00e9meuse et un parfum floral !  Id\u00e9al pour les peaux s\u00e8ches et sensibles.","og_url":"https:\/\/gwendosavons.fr\/index.php\/product\/fleur-osaturnin\/","og_site_name":"Gwendo-Savons","article_modified_time":"2026-05-04T10:40:02+00:00","og_image":[{"width":2471,"height":2560,"url":"https:\/\/gwendosavons.fr\/wp-content\/uploads\/2021\/02\/site-saturnin-fleur-grp-scaled.jpg","type":"image\/jpeg"}],"twitter_card":"summary_large_image","twitter_misc":{"Dur\u00e9e de lecture estim\u00e9e":"2 minutes"},"schema":{"@context":"https:\/\/schema.org","@graph":[{"@type":"WebPage","@id":"https:\/\/gwendosavons.fr\/index.php\/product\/fleur-osaturnin\/","url":"https:\/\/gwendosavons.fr\/index.php\/product\/fleur-osaturnin\/","name":"Fleur \u00d4Saturnin - Gwendo-Savons","isPartOf":{"@id":"https:\/\/gwendosavons.fr\/#website"},"primaryImageOfPage":{"@id":"https:\/\/gwendosavons.fr\/index.php\/product\/fleur-osaturnin\/#primaryimage"},"image":{"@id":"https:\/\/gwendosavons.fr\/index.php\/product\/fleur-osaturnin\/#primaryimage"},"thumbnailUrl":"https:\/\/gwendosavons.fr\/wp-content\/uploads\/2021\/02\/site-saturnin-fleur-grp-scaled.jpg","datePublished":"2021-02-05T19:18:09+00:00","dateModified":"2026-05-04T10:40:02+00:00","breadcrumb":{"@id":"https:\/\/gwendosavons.fr\/index.php\/product\/fleur-osaturnin\/#breadcrumb"},"inLanguage":"fr-FR","potentialAction":[{"@type":"ReadAction","target":["https:\/\/gwendosavons.fr\/index.php\/product\/fleur-osaturnin\/"]}]},{"@type":"ImageObject","inLanguage":"fr-FR","@id":"https:\/\/gwendosavons.fr\/index.php\/product\/fleur-osaturnin\/#primaryimage","url":"https:\/\/gwendosavons.fr\/wp-content\/uploads\/2021\/02\/site-saturnin-fleur-grp-scaled.jpg","contentUrl":"https:\/\/gwendosavons.fr\/wp-content\/uploads\/2021\/02\/site-saturnin-fleur-grp-scaled.jpg","width":2471,"height":2560},{"@type":"BreadcrumbList","@id":"https:\/\/gwendosavons.fr\/index.php\/product\/fleur-osaturnin\/#breadcrumb","itemListElement":[{"@type":"ListItem","position":1,"name":"Home","item":"https:\/\/gwendosavons.fr\/"},{"@type":"ListItem","position":2,"name":"Produits","item":"https:\/\/gwendosavons.fr\/index.php\/shop\/"},{"@type":"ListItem","position":3,"name":"Fleur \u00d4Saturnin"}]},{"@type":"WebSite","@id":"https:\/\/gwendosavons.fr\/#website","url":"https:\/\/gwendosavons.fr\/","name":"Gwendo-Savons","description":"","publisher":{"@id":"https:\/\/gwendosavons.fr\/#organization"},"potentialAction":[{"@type":"SearchAction","target":{"@type":"EntryPoint","urlTemplate":"https:\/\/gwendosavons.fr\/?s={search_term_string}"},"query-input":"required name=search_term_string"}],"inLanguage":"fr-FR"},{"@type":"Organization","@id":"https:\/\/gwendosavons.fr\/#organization","name":"Gwendo-Savons","url":"https:\/\/gwendosavons.fr\/","logo":{"@type":"ImageObject","inLanguage":"fr-FR","@id":"https:\/\/gwendosavons.fr\/#\/schema\/logo\/image\/","url":"https:\/\/gwendosavons.fr\/wp-content\/uploads\/2020\/12\/cropped-Capture-logo.jpg","contentUrl":"https:\/\/gwendosavons.fr\/wp-content\/uploads\/2020\/12\/cropped-Capture-logo.jpg","width":278,"height":185,"caption":"Gwendo-Savons"},"image":{"@id":"https:\/\/gwendosavons.fr\/#\/schema\/logo\/image\/"}}]}},"_links":{"self":[{"href":"https:\/\/gwendosavons.fr\/index.php\/wp-json\/wp\/v2\/product\/190"}],"collection":[{"href":"https:\/\/gwendosavons.fr\/index.php\/wp-json\/wp\/v2\/product"}],"about":[{"href":"https:\/\/gwendosavons.fr\/index.php\/wp-json\/wp\/v2\/types\/product"}],"replies":[{"embeddable":true,"href":"https:\/\/gwendosavons.fr\/index.php\/wp-json\/wp\/v2\/comments?post=190"}],"version-history":[{"count":2,"href":"https:\/\/gwendosavons.fr\/index.php\/wp-json\/wp\/v2\/product\/190\/revisions"}],"predecessor-version":[{"id":814,"href":"https:\/\/gwendosavons.fr\/index.php\/wp-json\/wp\/v2\/product\/190\/revisions\/814"}],"wp:featuredmedia":[{"embeddable":true,"href":"https:\/\/gwendosavons.fr\/index.php\/wp-json\/wp\/v2\/media\/811"}],"wp:attachment":[{"href":"https:\/\/gwendosavons.fr\/index.php\/wp-json\/wp\/v2\/media?parent=190"}],"wp:term":[{"taxonomy":"product_cat","embeddable":true,"href":"https:\/\/gwendosavons.fr\/index.php\/wp-json\/wp\/v2\/product_cat?post=190"},{"taxonomy":"product_tag","embeddable":true,"href":"https:\/\/gwendosavons.fr\/index.php\/wp-json\/wp\/v2\/product_tag?post=190"}],"curies":[{"name":"wp","href":"https:\/\/api.w.org\/{rel}","templated":true}]}}