{"id":231,"date":"2021-02-26T16:22:15","date_gmt":"2021-02-26T16:22:15","guid":{"rendered":"https:\/\/gwendosavons.fr\/?post_type=product&#038;p=231"},"modified":"2023-12-04T12:14:42","modified_gmt":"2023-12-04T12:14:42","slug":"coffret-trio-savons-a-composer","status":"publish","type":"product","link":"https:\/\/gwendosavons.fr\/index.php\/product\/coffret-trio-savons-a-composer\/","title":{"rendered":"Coffret Trio Savons \u00e0 composer"},"content":{"rendered":"<p>Coffret Trio \u00e0 composer avec les savons de votre choix.<\/p>\n<p>Poids de chaque savon : 100g<\/p>\n<p>Compositions des savons disponibles :<\/p>\n<p><strong>Savon Marocc\u00f4 <\/strong>(sans parfum)<strong>:<\/strong> compos\u00e9 d&rsquo;huiles de Coco Bio, d&rsquo;Argan Bio et d&rsquo;Olive Bio, beurres de Karit\u00e9 Bio et de Cacao Bio, eau, glyc\u00e9rine (issue de la saponification), argile rouge. Surgras \u00e0 8%.<\/p>\n<p><strong>Savon \u00d4&rsquo;Mel <\/strong>(sans parfum) : Compos\u00e9 d&rsquo;huile d&rsquo;Olive Bio, de beurre de Karit\u00e9 Bio, d\u2019huile de Coco Bio, de Cire d&rsquo;abeille (producteur local),\u00a0 de Miel (producteur local),\u00a0 d\u2019 eau,\u00a0 de glyc\u00e9rine (issue de la saponification). Surgras \u00e0 7%.<\/p>\n<p><strong>Savon \u00d4rion<\/strong> : compos\u00e9 d\u2019huile de Coco Bio, d\u2019huile d&rsquo;Olive Bio, huile de Colza Bio et locale, beurre de Cacao Bio, d\u2019huile de Chanvre Bio et locale, d\u2019eau, de glyc\u00e9rine (issue de la saponification), d\u2019huiles essentielles de Lemon Grass Bio, de Palmarosa Bio et d&rsquo; Ylang-Ylang Bio, Benzyl Benzoate*, Benzyl Salicylate*, Citral*, Farnesol*, Geraniol*, Isoeugenol*, Linalool*, et du charbon actif. Surgras\u00a0 10%.<\/p>\n<p><em>* Allerg\u00e8nes pr\u00e9sents naturellement dans les huiles essentielles. <\/em><\/p>\n<p><em>Ne convient pas aux femmes enceintes et allaitantes, et en raison de pr\u00e9sence d\u2019huiles essentielles, ce savon est\u00a0 d\u00e9conseill\u00e9 aux enfants de moins de 6 ans.<\/em><\/p>\n<p><strong>Savon \u00d4Saturnin<\/strong> : compos\u00e9 d\u2019huile de Coco Bio et de graisse de canard (producteur local), d\u2019eau, de Glyc\u00e9rine (issue de la saponification) et d\u2019huile essentielle de G\u00e9ranium Bio,\u00a0Citral*, Citronellol*, Geraniol*, Linalool*. Surgras \u00e0 10%.<\/p>\n<p>*Allerg\u00e8nes pr\u00e9sents naturellement dans les huiles essentielles<\/p>\n<p>E<em>n raison de pr\u00e9sence d\u2019huiles essentielles, ce savon est\u00a0 d\u00e9conseill\u00e9 aux enfants de moins de 3 ans.<\/em><\/p>\n<p>Pour la liste des Ingr\u00e9dients, se r\u00e9f\u00e9rer \u00e0 la description de chaque savon<\/p>\n","protected":false},"excerpt":{"rendered":"<p>Coffret Trio \u00e0 composer avec les savons de votre choix. Poids de chaque savon : 100g Compositions des savons disponibles : Savon Marocc\u00f4 (sans parfum): compos\u00e9 d&rsquo;huiles de Coco Bio,<\/p>\n","protected":false},"featured_media":815,"comment_status":"open","ping_status":"closed","template":"","meta":[],"product_cat":[19],"product_tag":[],"yoast_head":"<!-- This site is optimized with the Yoast SEO plugin v22.4 - https:\/\/yoast.com\/wordpress\/plugins\/seo\/ -->\n<title>Coffret Trio Savons \u00e0 composer - Gwendo-Savons<\/title>\n<meta name=\"robots\" content=\"index, follow, max-snippet:-1, max-image-preview:large, max-video-preview:-1\" \/>\n<link rel=\"canonical\" href=\"https:\/\/gwendosavons.fr\/index.php\/product\/coffret-trio-savons-a-composer\/\" \/>\n<meta property=\"og:locale\" content=\"fr_FR\" \/>\n<meta property=\"og:type\" content=\"article\" \/>\n<meta property=\"og:title\" content=\"Coffret Trio Savons \u00e0 composer - Gwendo-Savons\" \/>\n<meta property=\"og:description\" content=\"Coffret Trio \u00e0 composer avec les savons de votre choix. Poids de chaque savon : 100g Compositions des savons disponibles : Savon Marocc\u00f4 (sans parfum): compos\u00e9 d&rsquo;huiles de Coco Bio,\" \/>\n<meta property=\"og:url\" content=\"https:\/\/gwendosavons.fr\/index.php\/product\/coffret-trio-savons-a-composer\/\" \/>\n<meta property=\"og:site_name\" content=\"Gwendo-Savons\" \/>\n<meta property=\"article:modified_time\" content=\"2023-12-04T12:14:42+00:00\" \/>\n<meta property=\"og:image\" content=\"https:\/\/gwendosavons.fr\/wp-content\/uploads\/2021\/02\/site-coffret-3savons-scaled.jpg\" \/>\n\t<meta property=\"og:image:width\" content=\"1763\" \/>\n\t<meta property=\"og:image:height\" content=\"2560\" \/>\n\t<meta property=\"og:image:type\" content=\"image\/jpeg\" \/>\n<meta name=\"twitter:card\" content=\"summary_large_image\" \/>\n<meta name=\"twitter:label1\" content=\"Dur\u00e9e de lecture estim\u00e9e\" \/>\n\t<meta name=\"twitter:data1\" content=\"2 minutes\" \/>\n<script type=\"application\/ld+json\" class=\"yoast-schema-graph\">{\"@context\":\"https:\/\/schema.org\",\"@graph\":[{\"@type\":\"WebPage\",\"@id\":\"https:\/\/gwendosavons.fr\/index.php\/product\/coffret-trio-savons-a-composer\/\",\"url\":\"https:\/\/gwendosavons.fr\/index.php\/product\/coffret-trio-savons-a-composer\/\",\"name\":\"Coffret Trio Savons \u00e0 composer - Gwendo-Savons\",\"isPartOf\":{\"@id\":\"https:\/\/gwendosavons.fr\/#website\"},\"primaryImageOfPage\":{\"@id\":\"https:\/\/gwendosavons.fr\/index.php\/product\/coffret-trio-savons-a-composer\/#primaryimage\"},\"image\":{\"@id\":\"https:\/\/gwendosavons.fr\/index.php\/product\/coffret-trio-savons-a-composer\/#primaryimage\"},\"thumbnailUrl\":\"https:\/\/gwendosavons.fr\/wp-content\/uploads\/2021\/02\/site-coffret-3savons-scaled.jpg\",\"datePublished\":\"2021-02-26T16:22:15+00:00\",\"dateModified\":\"2023-12-04T12:14:42+00:00\",\"breadcrumb\":{\"@id\":\"https:\/\/gwendosavons.fr\/index.php\/product\/coffret-trio-savons-a-composer\/#breadcrumb\"},\"inLanguage\":\"fr-FR\",\"potentialAction\":[{\"@type\":\"ReadAction\",\"target\":[\"https:\/\/gwendosavons.fr\/index.php\/product\/coffret-trio-savons-a-composer\/\"]}]},{\"@type\":\"ImageObject\",\"inLanguage\":\"fr-FR\",\"@id\":\"https:\/\/gwendosavons.fr\/index.php\/product\/coffret-trio-savons-a-composer\/#primaryimage\",\"url\":\"https:\/\/gwendosavons.fr\/wp-content\/uploads\/2021\/02\/site-coffret-3savons-scaled.jpg\",\"contentUrl\":\"https:\/\/gwendosavons.fr\/wp-content\/uploads\/2021\/02\/site-coffret-3savons-scaled.jpg\",\"width\":1763,\"height\":2560},{\"@type\":\"BreadcrumbList\",\"@id\":\"https:\/\/gwendosavons.fr\/index.php\/product\/coffret-trio-savons-a-composer\/#breadcrumb\",\"itemListElement\":[{\"@type\":\"ListItem\",\"position\":1,\"name\":\"Home\",\"item\":\"https:\/\/gwendosavons.fr\/\"},{\"@type\":\"ListItem\",\"position\":2,\"name\":\"Produits\",\"item\":\"https:\/\/gwendosavons.fr\/index.php\/shop\/\"},{\"@type\":\"ListItem\",\"position\":3,\"name\":\"Coffret Trio Savons \u00e0 composer\"}]},{\"@type\":\"WebSite\",\"@id\":\"https:\/\/gwendosavons.fr\/#website\",\"url\":\"https:\/\/gwendosavons.fr\/\",\"name\":\"Gwendo-Savons\",\"description\":\"\",\"publisher\":{\"@id\":\"https:\/\/gwendosavons.fr\/#organization\"},\"potentialAction\":[{\"@type\":\"SearchAction\",\"target\":{\"@type\":\"EntryPoint\",\"urlTemplate\":\"https:\/\/gwendosavons.fr\/?s={search_term_string}\"},\"query-input\":\"required name=search_term_string\"}],\"inLanguage\":\"fr-FR\"},{\"@type\":\"Organization\",\"@id\":\"https:\/\/gwendosavons.fr\/#organization\",\"name\":\"Gwendo-Savons\",\"url\":\"https:\/\/gwendosavons.fr\/\",\"logo\":{\"@type\":\"ImageObject\",\"inLanguage\":\"fr-FR\",\"@id\":\"https:\/\/gwendosavons.fr\/#\/schema\/logo\/image\/\",\"url\":\"https:\/\/gwendosavons.fr\/wp-content\/uploads\/2020\/12\/cropped-Capture-logo.jpg\",\"contentUrl\":\"https:\/\/gwendosavons.fr\/wp-content\/uploads\/2020\/12\/cropped-Capture-logo.jpg\",\"width\":278,\"height\":185,\"caption\":\"Gwendo-Savons\"},\"image\":{\"@id\":\"https:\/\/gwendosavons.fr\/#\/schema\/logo\/image\/\"}}]}<\/script>\n<!-- \/ Yoast SEO plugin. -->","yoast_head_json":{"title":"Coffret Trio Savons \u00e0 composer - Gwendo-Savons","robots":{"index":"index","follow":"follow","max-snippet":"max-snippet:-1","max-image-preview":"max-image-preview:large","max-video-preview":"max-video-preview:-1"},"canonical":"https:\/\/gwendosavons.fr\/index.php\/product\/coffret-trio-savons-a-composer\/","og_locale":"fr_FR","og_type":"article","og_title":"Coffret Trio Savons \u00e0 composer - Gwendo-Savons","og_description":"Coffret Trio \u00e0 composer avec les savons de votre choix. Poids de chaque savon : 100g Compositions des savons disponibles : Savon Marocc\u00f4 (sans parfum): compos\u00e9 d&rsquo;huiles de Coco Bio,","og_url":"https:\/\/gwendosavons.fr\/index.php\/product\/coffret-trio-savons-a-composer\/","og_site_name":"Gwendo-Savons","article_modified_time":"2023-12-04T12:14:42+00:00","og_image":[{"width":1763,"height":2560,"url":"https:\/\/gwendosavons.fr\/wp-content\/uploads\/2021\/02\/site-coffret-3savons-scaled.jpg","type":"image\/jpeg"}],"twitter_card":"summary_large_image","twitter_misc":{"Dur\u00e9e de lecture estim\u00e9e":"2 minutes"},"schema":{"@context":"https:\/\/schema.org","@graph":[{"@type":"WebPage","@id":"https:\/\/gwendosavons.fr\/index.php\/product\/coffret-trio-savons-a-composer\/","url":"https:\/\/gwendosavons.fr\/index.php\/product\/coffret-trio-savons-a-composer\/","name":"Coffret Trio Savons \u00e0 composer - Gwendo-Savons","isPartOf":{"@id":"https:\/\/gwendosavons.fr\/#website"},"primaryImageOfPage":{"@id":"https:\/\/gwendosavons.fr\/index.php\/product\/coffret-trio-savons-a-composer\/#primaryimage"},"image":{"@id":"https:\/\/gwendosavons.fr\/index.php\/product\/coffret-trio-savons-a-composer\/#primaryimage"},"thumbnailUrl":"https:\/\/gwendosavons.fr\/wp-content\/uploads\/2021\/02\/site-coffret-3savons-scaled.jpg","datePublished":"2021-02-26T16:22:15+00:00","dateModified":"2023-12-04T12:14:42+00:00","breadcrumb":{"@id":"https:\/\/gwendosavons.fr\/index.php\/product\/coffret-trio-savons-a-composer\/#breadcrumb"},"inLanguage":"fr-FR","potentialAction":[{"@type":"ReadAction","target":["https:\/\/gwendosavons.fr\/index.php\/product\/coffret-trio-savons-a-composer\/"]}]},{"@type":"ImageObject","inLanguage":"fr-FR","@id":"https:\/\/gwendosavons.fr\/index.php\/product\/coffret-trio-savons-a-composer\/#primaryimage","url":"https:\/\/gwendosavons.fr\/wp-content\/uploads\/2021\/02\/site-coffret-3savons-scaled.jpg","contentUrl":"https:\/\/gwendosavons.fr\/wp-content\/uploads\/2021\/02\/site-coffret-3savons-scaled.jpg","width":1763,"height":2560},{"@type":"BreadcrumbList","@id":"https:\/\/gwendosavons.fr\/index.php\/product\/coffret-trio-savons-a-composer\/#breadcrumb","itemListElement":[{"@type":"ListItem","position":1,"name":"Home","item":"https:\/\/gwendosavons.fr\/"},{"@type":"ListItem","position":2,"name":"Produits","item":"https:\/\/gwendosavons.fr\/index.php\/shop\/"},{"@type":"ListItem","position":3,"name":"Coffret Trio Savons \u00e0 composer"}]},{"@type":"WebSite","@id":"https:\/\/gwendosavons.fr\/#website","url":"https:\/\/gwendosavons.fr\/","name":"Gwendo-Savons","description":"","publisher":{"@id":"https:\/\/gwendosavons.fr\/#organization"},"potentialAction":[{"@type":"SearchAction","target":{"@type":"EntryPoint","urlTemplate":"https:\/\/gwendosavons.fr\/?s={search_term_string}"},"query-input":"required name=search_term_string"}],"inLanguage":"fr-FR"},{"@type":"Organization","@id":"https:\/\/gwendosavons.fr\/#organization","name":"Gwendo-Savons","url":"https:\/\/gwendosavons.fr\/","logo":{"@type":"ImageObject","inLanguage":"fr-FR","@id":"https:\/\/gwendosavons.fr\/#\/schema\/logo\/image\/","url":"https:\/\/gwendosavons.fr\/wp-content\/uploads\/2020\/12\/cropped-Capture-logo.jpg","contentUrl":"https:\/\/gwendosavons.fr\/wp-content\/uploads\/2020\/12\/cropped-Capture-logo.jpg","width":278,"height":185,"caption":"Gwendo-Savons"},"image":{"@id":"https:\/\/gwendosavons.fr\/#\/schema\/logo\/image\/"}}]}},"_links":{"self":[{"href":"https:\/\/gwendosavons.fr\/index.php\/wp-json\/wp\/v2\/product\/231"}],"collection":[{"href":"https:\/\/gwendosavons.fr\/index.php\/wp-json\/wp\/v2\/product"}],"about":[{"href":"https:\/\/gwendosavons.fr\/index.php\/wp-json\/wp\/v2\/types\/product"}],"replies":[{"embeddable":true,"href":"https:\/\/gwendosavons.fr\/index.php\/wp-json\/wp\/v2\/comments?post=231"}],"version-history":[{"count":1,"href":"https:\/\/gwendosavons.fr\/index.php\/wp-json\/wp\/v2\/product\/231\/revisions"}],"predecessor-version":[{"id":461,"href":"https:\/\/gwendosavons.fr\/index.php\/wp-json\/wp\/v2\/product\/231\/revisions\/461"}],"wp:featuredmedia":[{"embeddable":true,"href":"https:\/\/gwendosavons.fr\/index.php\/wp-json\/wp\/v2\/media\/815"}],"wp:attachment":[{"href":"https:\/\/gwendosavons.fr\/index.php\/wp-json\/wp\/v2\/media?parent=231"}],"wp:term":[{"taxonomy":"product_cat","embeddable":true,"href":"https:\/\/gwendosavons.fr\/index.php\/wp-json\/wp\/v2\/product_cat?post=231"},{"taxonomy":"product_tag","embeddable":true,"href":"https:\/\/gwendosavons.fr\/index.php\/wp-json\/wp\/v2\/product_tag?post=231"}],"curies":[{"name":"wp","href":"https:\/\/api.w.org\/{rel}","templated":true}]}}