{"id":301,"date":"2022-04-11T08:38:37","date_gmt":"2022-04-11T08:38:37","guid":{"rendered":"https:\/\/gwendosavons.fr\/?post_type=product&#038;p=301"},"modified":"2023-11-27T15:47:52","modified_gmt":"2023-11-27T15:47:52","slug":"porte-savon-minimaliste-aimante","status":"publish","type":"product","link":"https:\/\/gwendosavons.fr\/index.php\/product\/porte-savon-minimaliste-aimante\/","title":{"rendered":"Porte savon minimaliste aimant\u00e9"},"content":{"rendered":"<p>Ce porte savon est fabriqu\u00e9 en France.<\/p>\n<p>Il est mobile, sans per\u00e7age ni collage.<\/p>\n<p>Utilisation \u00e9conomique et durable de\u00a0 votre savon. Le savon est comme en l\u00e9vitation.<\/p>\n<p>S\u00e9chage rapide et int\u00e9gral garanti. Le savon dure plus long<\/p>\n","protected":false},"excerpt":{"rendered":"<p>Ce porte savon est fabriqu\u00e9 en France. Il est mobile, sans per\u00e7age ni collage. Utilisation \u00e9conomique et durable de\u00a0 votre savon. Le savon est comme en l\u00e9vitation. S\u00e9chage rapide et<\/p>\n","protected":false},"featured_media":302,"comment_status":"open","ping_status":"closed","template":"","meta":[],"product_cat":[18],"product_tag":[],"yoast_head":"<!-- This site is optimized with the Yoast SEO plugin v22.4 - https:\/\/yoast.com\/wordpress\/plugins\/seo\/ -->\n<title>Porte savon minimaliste aimant\u00e9 - Gwendo-Savons<\/title>\n<meta name=\"robots\" content=\"index, follow, max-snippet:-1, max-image-preview:large, max-video-preview:-1\" \/>\n<link rel=\"canonical\" href=\"https:\/\/gwendosavons.fr\/index.php\/product\/porte-savon-minimaliste-aimante\/\" \/>\n<meta property=\"og:locale\" content=\"fr_FR\" \/>\n<meta property=\"og:type\" content=\"article\" \/>\n<meta property=\"og:title\" content=\"Porte savon minimaliste aimant\u00e9 - Gwendo-Savons\" \/>\n<meta property=\"og:description\" content=\"Ce porte savon est fabriqu\u00e9 en France. Il est mobile, sans per\u00e7age ni collage. Utilisation \u00e9conomique et durable de\u00a0 votre savon. Le savon est comme en l\u00e9vitation. S\u00e9chage rapide et\" \/>\n<meta property=\"og:url\" content=\"https:\/\/gwendosavons.fr\/index.php\/product\/porte-savon-minimaliste-aimante\/\" \/>\n<meta property=\"og:site_name\" content=\"Gwendo-Savons\" \/>\n<meta property=\"article:modified_time\" content=\"2023-11-27T15:47:52+00:00\" \/>\n<meta property=\"og:image\" content=\"https:\/\/gwendosavons.fr\/wp-content\/uploads\/2022\/04\/Chamarrel-porte-savon-minimaliste-aimante-francais-Boite-de-1.jpg\" \/>\n\t<meta property=\"og:image:width\" content=\"1500\" \/>\n\t<meta property=\"og:image:height\" content=\"1500\" \/>\n\t<meta property=\"og:image:type\" content=\"image\/jpeg\" \/>\n<meta name=\"twitter:card\" content=\"summary_large_image\" \/>\n<meta name=\"twitter:label1\" content=\"Dur\u00e9e de lecture estim\u00e9e\" \/>\n\t<meta name=\"twitter:data1\" content=\"1 minute\" \/>\n<script type=\"application\/ld+json\" class=\"yoast-schema-graph\">{\"@context\":\"https:\/\/schema.org\",\"@graph\":[{\"@type\":\"WebPage\",\"@id\":\"https:\/\/gwendosavons.fr\/index.php\/product\/porte-savon-minimaliste-aimante\/\",\"url\":\"https:\/\/gwendosavons.fr\/index.php\/product\/porte-savon-minimaliste-aimante\/\",\"name\":\"Porte savon minimaliste aimant\u00e9 - Gwendo-Savons\",\"isPartOf\":{\"@id\":\"https:\/\/gwendosavons.fr\/#website\"},\"primaryImageOfPage\":{\"@id\":\"https:\/\/gwendosavons.fr\/index.php\/product\/porte-savon-minimaliste-aimante\/#primaryimage\"},\"image\":{\"@id\":\"https:\/\/gwendosavons.fr\/index.php\/product\/porte-savon-minimaliste-aimante\/#primaryimage\"},\"thumbnailUrl\":\"https:\/\/gwendosavons.fr\/wp-content\/uploads\/2022\/04\/Chamarrel-porte-savon-minimaliste-aimante-francais-Boite-de-1.jpg\",\"datePublished\":\"2022-04-11T08:38:37+00:00\",\"dateModified\":\"2023-11-27T15:47:52+00:00\",\"breadcrumb\":{\"@id\":\"https:\/\/gwendosavons.fr\/index.php\/product\/porte-savon-minimaliste-aimante\/#breadcrumb\"},\"inLanguage\":\"fr-FR\",\"potentialAction\":[{\"@type\":\"ReadAction\",\"target\":[\"https:\/\/gwendosavons.fr\/index.php\/product\/porte-savon-minimaliste-aimante\/\"]}]},{\"@type\":\"ImageObject\",\"inLanguage\":\"fr-FR\",\"@id\":\"https:\/\/gwendosavons.fr\/index.php\/product\/porte-savon-minimaliste-aimante\/#primaryimage\",\"url\":\"https:\/\/gwendosavons.fr\/wp-content\/uploads\/2022\/04\/Chamarrel-porte-savon-minimaliste-aimante-francais-Boite-de-1.jpg\",\"contentUrl\":\"https:\/\/gwendosavons.fr\/wp-content\/uploads\/2022\/04\/Chamarrel-porte-savon-minimaliste-aimante-francais-Boite-de-1.jpg\",\"width\":1500,\"height\":1500},{\"@type\":\"BreadcrumbList\",\"@id\":\"https:\/\/gwendosavons.fr\/index.php\/product\/porte-savon-minimaliste-aimante\/#breadcrumb\",\"itemListElement\":[{\"@type\":\"ListItem\",\"position\":1,\"name\":\"Home\",\"item\":\"https:\/\/gwendosavons.fr\/\"},{\"@type\":\"ListItem\",\"position\":2,\"name\":\"Produits\",\"item\":\"https:\/\/gwendosavons.fr\/index.php\/shop\/\"},{\"@type\":\"ListItem\",\"position\":3,\"name\":\"Porte savon minimaliste aimant\u00e9\"}]},{\"@type\":\"WebSite\",\"@id\":\"https:\/\/gwendosavons.fr\/#website\",\"url\":\"https:\/\/gwendosavons.fr\/\",\"name\":\"Gwendo-Savons\",\"description\":\"\",\"publisher\":{\"@id\":\"https:\/\/gwendosavons.fr\/#organization\"},\"potentialAction\":[{\"@type\":\"SearchAction\",\"target\":{\"@type\":\"EntryPoint\",\"urlTemplate\":\"https:\/\/gwendosavons.fr\/?s={search_term_string}\"},\"query-input\":\"required name=search_term_string\"}],\"inLanguage\":\"fr-FR\"},{\"@type\":\"Organization\",\"@id\":\"https:\/\/gwendosavons.fr\/#organization\",\"name\":\"Gwendo-Savons\",\"url\":\"https:\/\/gwendosavons.fr\/\",\"logo\":{\"@type\":\"ImageObject\",\"inLanguage\":\"fr-FR\",\"@id\":\"https:\/\/gwendosavons.fr\/#\/schema\/logo\/image\/\",\"url\":\"https:\/\/gwendosavons.fr\/wp-content\/uploads\/2020\/12\/cropped-Capture-logo.jpg\",\"contentUrl\":\"https:\/\/gwendosavons.fr\/wp-content\/uploads\/2020\/12\/cropped-Capture-logo.jpg\",\"width\":278,\"height\":185,\"caption\":\"Gwendo-Savons\"},\"image\":{\"@id\":\"https:\/\/gwendosavons.fr\/#\/schema\/logo\/image\/\"}}]}<\/script>\n<!-- \/ Yoast SEO plugin. -->","yoast_head_json":{"title":"Porte savon minimaliste aimant\u00e9 - Gwendo-Savons","robots":{"index":"index","follow":"follow","max-snippet":"max-snippet:-1","max-image-preview":"max-image-preview:large","max-video-preview":"max-video-preview:-1"},"canonical":"https:\/\/gwendosavons.fr\/index.php\/product\/porte-savon-minimaliste-aimante\/","og_locale":"fr_FR","og_type":"article","og_title":"Porte savon minimaliste aimant\u00e9 - Gwendo-Savons","og_description":"Ce porte savon est fabriqu\u00e9 en France. Il est mobile, sans per\u00e7age ni collage. Utilisation \u00e9conomique et durable de\u00a0 votre savon. Le savon est comme en l\u00e9vitation. S\u00e9chage rapide et","og_url":"https:\/\/gwendosavons.fr\/index.php\/product\/porte-savon-minimaliste-aimante\/","og_site_name":"Gwendo-Savons","article_modified_time":"2023-11-27T15:47:52+00:00","og_image":[{"width":1500,"height":1500,"url":"https:\/\/gwendosavons.fr\/wp-content\/uploads\/2022\/04\/Chamarrel-porte-savon-minimaliste-aimante-francais-Boite-de-1.jpg","type":"image\/jpeg"}],"twitter_card":"summary_large_image","twitter_misc":{"Dur\u00e9e de lecture estim\u00e9e":"1 minute"},"schema":{"@context":"https:\/\/schema.org","@graph":[{"@type":"WebPage","@id":"https:\/\/gwendosavons.fr\/index.php\/product\/porte-savon-minimaliste-aimante\/","url":"https:\/\/gwendosavons.fr\/index.php\/product\/porte-savon-minimaliste-aimante\/","name":"Porte savon minimaliste aimant\u00e9 - Gwendo-Savons","isPartOf":{"@id":"https:\/\/gwendosavons.fr\/#website"},"primaryImageOfPage":{"@id":"https:\/\/gwendosavons.fr\/index.php\/product\/porte-savon-minimaliste-aimante\/#primaryimage"},"image":{"@id":"https:\/\/gwendosavons.fr\/index.php\/product\/porte-savon-minimaliste-aimante\/#primaryimage"},"thumbnailUrl":"https:\/\/gwendosavons.fr\/wp-content\/uploads\/2022\/04\/Chamarrel-porte-savon-minimaliste-aimante-francais-Boite-de-1.jpg","datePublished":"2022-04-11T08:38:37+00:00","dateModified":"2023-11-27T15:47:52+00:00","breadcrumb":{"@id":"https:\/\/gwendosavons.fr\/index.php\/product\/porte-savon-minimaliste-aimante\/#breadcrumb"},"inLanguage":"fr-FR","potentialAction":[{"@type":"ReadAction","target":["https:\/\/gwendosavons.fr\/index.php\/product\/porte-savon-minimaliste-aimante\/"]}]},{"@type":"ImageObject","inLanguage":"fr-FR","@id":"https:\/\/gwendosavons.fr\/index.php\/product\/porte-savon-minimaliste-aimante\/#primaryimage","url":"https:\/\/gwendosavons.fr\/wp-content\/uploads\/2022\/04\/Chamarrel-porte-savon-minimaliste-aimante-francais-Boite-de-1.jpg","contentUrl":"https:\/\/gwendosavons.fr\/wp-content\/uploads\/2022\/04\/Chamarrel-porte-savon-minimaliste-aimante-francais-Boite-de-1.jpg","width":1500,"height":1500},{"@type":"BreadcrumbList","@id":"https:\/\/gwendosavons.fr\/index.php\/product\/porte-savon-minimaliste-aimante\/#breadcrumb","itemListElement":[{"@type":"ListItem","position":1,"name":"Home","item":"https:\/\/gwendosavons.fr\/"},{"@type":"ListItem","position":2,"name":"Produits","item":"https:\/\/gwendosavons.fr\/index.php\/shop\/"},{"@type":"ListItem","position":3,"name":"Porte savon minimaliste aimant\u00e9"}]},{"@type":"WebSite","@id":"https:\/\/gwendosavons.fr\/#website","url":"https:\/\/gwendosavons.fr\/","name":"Gwendo-Savons","description":"","publisher":{"@id":"https:\/\/gwendosavons.fr\/#organization"},"potentialAction":[{"@type":"SearchAction","target":{"@type":"EntryPoint","urlTemplate":"https:\/\/gwendosavons.fr\/?s={search_term_string}"},"query-input":"required name=search_term_string"}],"inLanguage":"fr-FR"},{"@type":"Organization","@id":"https:\/\/gwendosavons.fr\/#organization","name":"Gwendo-Savons","url":"https:\/\/gwendosavons.fr\/","logo":{"@type":"ImageObject","inLanguage":"fr-FR","@id":"https:\/\/gwendosavons.fr\/#\/schema\/logo\/image\/","url":"https:\/\/gwendosavons.fr\/wp-content\/uploads\/2020\/12\/cropped-Capture-logo.jpg","contentUrl":"https:\/\/gwendosavons.fr\/wp-content\/uploads\/2020\/12\/cropped-Capture-logo.jpg","width":278,"height":185,"caption":"Gwendo-Savons"},"image":{"@id":"https:\/\/gwendosavons.fr\/#\/schema\/logo\/image\/"}}]}},"_links":{"self":[{"href":"https:\/\/gwendosavons.fr\/index.php\/wp-json\/wp\/v2\/product\/301"}],"collection":[{"href":"https:\/\/gwendosavons.fr\/index.php\/wp-json\/wp\/v2\/product"}],"about":[{"href":"https:\/\/gwendosavons.fr\/index.php\/wp-json\/wp\/v2\/types\/product"}],"replies":[{"embeddable":true,"href":"https:\/\/gwendosavons.fr\/index.php\/wp-json\/wp\/v2\/comments?post=301"}],"version-history":[{"count":1,"href":"https:\/\/gwendosavons.fr\/index.php\/wp-json\/wp\/v2\/product\/301\/revisions"}],"predecessor-version":[{"id":749,"href":"https:\/\/gwendosavons.fr\/index.php\/wp-json\/wp\/v2\/product\/301\/revisions\/749"}],"wp:featuredmedia":[{"embeddable":true,"href":"https:\/\/gwendosavons.fr\/index.php\/wp-json\/wp\/v2\/media\/302"}],"wp:attachment":[{"href":"https:\/\/gwendosavons.fr\/index.php\/wp-json\/wp\/v2\/media?parent=301"}],"wp:term":[{"taxonomy":"product_cat","embeddable":true,"href":"https:\/\/gwendosavons.fr\/index.php\/wp-json\/wp\/v2\/product_cat?post=301"},{"taxonomy":"product_tag","embeddable":true,"href":"https:\/\/gwendosavons.fr\/index.php\/wp-json\/wp\/v2\/product_tag?post=301"}],"curies":[{"name":"wp","href":"https:\/\/api.w.org\/{rel}","templated":true}]}}