{"id":57,"date":"2022-01-27T18:22:06","date_gmt":"2022-01-27T18:22:06","guid":{"rendered":"https:\/\/gwendosavons.fr\/?post_type=product&#038;p=57"},"modified":"2026-05-08T14:58:24","modified_gmt":"2026-05-08T14:58:24","slug":"savon-marocco-a-lhuile-dargan","status":"publish","type":"product","link":"https:\/\/gwendosavons.fr\/index.php\/product\/savon-marocco-a-lhuile-dargan\/","title":{"rendered":"Savon Marocc\u00f4 &#8211; Argan &#038; Argile rouge"},"content":{"rendered":"<p>Un v\u00e9ritable voyage au c\u0153ur du Maroc !<\/p>\n<p>Ce savon est sans parfum, il convient pour tous types de peaux y compris pour les peux s\u00e8ches.<\/p>\n<p>Utilis\u00e9e par les Femmes Berb\u00e8res du Maroc, l&rsquo;huile d&rsquo;Argan est r\u00e9put\u00e9e pour ses propri\u00e9t\u00e9s <strong><em>nourrissantes et r\u00e9g\u00e9n\u00e9rantes<\/em><\/strong>. Elle repr\u00e9sente 25% des huiles de ce savon.<\/p>\n<p>Compos\u00e9 d&rsquo;huiles de Coco Bio, d&rsquo;Argan Bio et d&rsquo;Olive Bio, beurres de Karit\u00e9 Bio et de Cacao Bio, eau, glyc\u00e9rine (issue de la saponification), argile rouge.<\/p>\n<p>Surgras \u00e0 8%<\/p>\n<p>Poids : 100 g (disponible en version Fleur de 75 g)<\/p>\n<p>Ce savon peut-\u00eatre utilis\u00e9 pour votre corps mais aussi pour le visage, \u00e9viter cependant d\u2019ouvrir les yeux, car ils vous piqueront !<\/p>\n<p>Bien \u00e9goutter le savon sur un porte-savon apr\u00e8s chaque utilisation.<\/p>\n<p>\u00c0 conserver \u00e0 l&rsquo;abri de la lumi\u00e8re, de la chaleur et de l&rsquo;humidit\u00e9.<\/p>\n<p>Ingr\u00e9dients et <em><strong>sa traduction<\/strong> <\/em>:<\/p>\n<div>Sodium Cocoate<strong><em> (Huile de coco saponifi\u00e9e)<\/em>,<\/strong> Sodium Arganate <em><strong>(Huile d&rsquo;Argan Saponifi\u00e9e)<\/strong><\/em>, Sodium Olivate <em><strong>(Huile d&rsquo;Olive Saponifi\u00e9e)<\/strong><\/em>, Aqua <strong><em>(eau)<\/em><\/strong>, Sodium Shea Butterate <strong><em>(Beurre de Karit\u00e9 Saponifi\u00e9)<\/em><\/strong>, Glycerin <em><strong>(Glyc\u00e9rine)<\/strong><\/em>, Illite <em><strong>(Argile rouge)<\/strong><\/em>, Sodium Cocoa Butterate <strong><em>(Beurre de Cacao saponifi\u00e9)<\/em><\/strong>, Cocos Nucifera Oil <strong><em>(Huile de Coco)<\/em><\/strong>, Argania Spinosa Kernel Oil <em><strong>(Huile d&rsquo;Argan)<\/strong><\/em>, Olea Europaea Fruit Oil <em><strong>(Huile d&rsquo;Olive)<\/strong><\/em>, Butyrospermum Parkii Butter <strong><em>(Beurre de Karit\u00e9)<\/em><\/strong>, Theobroma Cacao Seed Butter <strong><em>(Beurre de Cacao).<\/em><\/strong><\/div>\n<div><\/div>\n<div><\/div>\n","protected":false},"excerpt":{"rendered":"<p>Convient pour tous types de peaux y compris pour les peaux s\u00e8ches.<\/p>\n","protected":false},"featured_media":816,"comment_status":"open","ping_status":"closed","template":"","meta":[],"product_cat":[72,61],"product_tag":[],"yoast_head":"<!-- This site is optimized with the Yoast SEO plugin v22.4 - https:\/\/yoast.com\/wordpress\/plugins\/seo\/ -->\n<title>Savon Marocc\u00f4 - Argan &amp; Argile rouge - Gwendo-Savons<\/title>\n<meta name=\"robots\" content=\"index, follow, max-snippet:-1, max-image-preview:large, max-video-preview:-1\" \/>\n<link rel=\"canonical\" href=\"https:\/\/gwendosavons.fr\/index.php\/product\/savon-marocco-a-lhuile-dargan\/\" \/>\n<meta property=\"og:locale\" content=\"fr_FR\" \/>\n<meta property=\"og:type\" content=\"article\" \/>\n<meta property=\"og:title\" content=\"Savon Marocc\u00f4 - Argan &amp; Argile rouge - Gwendo-Savons\" \/>\n<meta property=\"og:description\" content=\"Convient pour tous types de peaux y compris pour les peaux s\u00e8ches.\" \/>\n<meta property=\"og:url\" content=\"https:\/\/gwendosavons.fr\/index.php\/product\/savon-marocco-a-lhuile-dargan\/\" \/>\n<meta property=\"og:site_name\" content=\"Gwendo-Savons\" \/>\n<meta property=\"article:modified_time\" content=\"2026-05-08T14:58:24+00:00\" \/>\n<meta property=\"og:image\" content=\"https:\/\/gwendosavons.fr\/wp-content\/uploads\/2022\/01\/site-marocco-groupe-scaled.jpeg\" \/>\n\t<meta property=\"og:image:width\" content=\"1797\" \/>\n\t<meta property=\"og:image:height\" content=\"2560\" \/>\n\t<meta property=\"og:image:type\" content=\"image\/jpeg\" \/>\n<meta name=\"twitter:card\" content=\"summary_large_image\" \/>\n<meta name=\"twitter:label1\" content=\"Dur\u00e9e de lecture estim\u00e9e\" \/>\n\t<meta name=\"twitter:data1\" content=\"2 minutes\" \/>\n<script type=\"application\/ld+json\" class=\"yoast-schema-graph\">{\"@context\":\"https:\/\/schema.org\",\"@graph\":[{\"@type\":\"WebPage\",\"@id\":\"https:\/\/gwendosavons.fr\/index.php\/product\/savon-marocco-a-lhuile-dargan\/\",\"url\":\"https:\/\/gwendosavons.fr\/index.php\/product\/savon-marocco-a-lhuile-dargan\/\",\"name\":\"Savon Marocc\u00f4 - Argan & Argile rouge - Gwendo-Savons\",\"isPartOf\":{\"@id\":\"https:\/\/gwendosavons.fr\/#website\"},\"primaryImageOfPage\":{\"@id\":\"https:\/\/gwendosavons.fr\/index.php\/product\/savon-marocco-a-lhuile-dargan\/#primaryimage\"},\"image\":{\"@id\":\"https:\/\/gwendosavons.fr\/index.php\/product\/savon-marocco-a-lhuile-dargan\/#primaryimage\"},\"thumbnailUrl\":\"https:\/\/gwendosavons.fr\/wp-content\/uploads\/2022\/01\/site-marocco-groupe-scaled.jpeg\",\"datePublished\":\"2022-01-27T18:22:06+00:00\",\"dateModified\":\"2026-05-08T14:58:24+00:00\",\"breadcrumb\":{\"@id\":\"https:\/\/gwendosavons.fr\/index.php\/product\/savon-marocco-a-lhuile-dargan\/#breadcrumb\"},\"inLanguage\":\"fr-FR\",\"potentialAction\":[{\"@type\":\"ReadAction\",\"target\":[\"https:\/\/gwendosavons.fr\/index.php\/product\/savon-marocco-a-lhuile-dargan\/\"]}]},{\"@type\":\"ImageObject\",\"inLanguage\":\"fr-FR\",\"@id\":\"https:\/\/gwendosavons.fr\/index.php\/product\/savon-marocco-a-lhuile-dargan\/#primaryimage\",\"url\":\"https:\/\/gwendosavons.fr\/wp-content\/uploads\/2022\/01\/site-marocco-groupe-scaled.jpeg\",\"contentUrl\":\"https:\/\/gwendosavons.fr\/wp-content\/uploads\/2022\/01\/site-marocco-groupe-scaled.jpeg\",\"width\":1797,\"height\":2560},{\"@type\":\"BreadcrumbList\",\"@id\":\"https:\/\/gwendosavons.fr\/index.php\/product\/savon-marocco-a-lhuile-dargan\/#breadcrumb\",\"itemListElement\":[{\"@type\":\"ListItem\",\"position\":1,\"name\":\"Home\",\"item\":\"https:\/\/gwendosavons.fr\/\"},{\"@type\":\"ListItem\",\"position\":2,\"name\":\"Produits\",\"item\":\"https:\/\/gwendosavons.fr\/index.php\/shop\/\"},{\"@type\":\"ListItem\",\"position\":3,\"name\":\"Savon Marocc\u00f4 &#8211; Argan &#038; Argile rouge\"}]},{\"@type\":\"WebSite\",\"@id\":\"https:\/\/gwendosavons.fr\/#website\",\"url\":\"https:\/\/gwendosavons.fr\/\",\"name\":\"Gwendo-Savons\",\"description\":\"\",\"publisher\":{\"@id\":\"https:\/\/gwendosavons.fr\/#organization\"},\"potentialAction\":[{\"@type\":\"SearchAction\",\"target\":{\"@type\":\"EntryPoint\",\"urlTemplate\":\"https:\/\/gwendosavons.fr\/?s={search_term_string}\"},\"query-input\":\"required name=search_term_string\"}],\"inLanguage\":\"fr-FR\"},{\"@type\":\"Organization\",\"@id\":\"https:\/\/gwendosavons.fr\/#organization\",\"name\":\"Gwendo-Savons\",\"url\":\"https:\/\/gwendosavons.fr\/\",\"logo\":{\"@type\":\"ImageObject\",\"inLanguage\":\"fr-FR\",\"@id\":\"https:\/\/gwendosavons.fr\/#\/schema\/logo\/image\/\",\"url\":\"https:\/\/gwendosavons.fr\/wp-content\/uploads\/2020\/12\/cropped-Capture-logo.jpg\",\"contentUrl\":\"https:\/\/gwendosavons.fr\/wp-content\/uploads\/2020\/12\/cropped-Capture-logo.jpg\",\"width\":278,\"height\":185,\"caption\":\"Gwendo-Savons\"},\"image\":{\"@id\":\"https:\/\/gwendosavons.fr\/#\/schema\/logo\/image\/\"}}]}<\/script>\n<!-- \/ Yoast SEO plugin. -->","yoast_head_json":{"title":"Savon Marocc\u00f4 - Argan & Argile rouge - Gwendo-Savons","robots":{"index":"index","follow":"follow","max-snippet":"max-snippet:-1","max-image-preview":"max-image-preview:large","max-video-preview":"max-video-preview:-1"},"canonical":"https:\/\/gwendosavons.fr\/index.php\/product\/savon-marocco-a-lhuile-dargan\/","og_locale":"fr_FR","og_type":"article","og_title":"Savon Marocc\u00f4 - Argan & Argile rouge - Gwendo-Savons","og_description":"Convient pour tous types de peaux y compris pour les peaux s\u00e8ches.","og_url":"https:\/\/gwendosavons.fr\/index.php\/product\/savon-marocco-a-lhuile-dargan\/","og_site_name":"Gwendo-Savons","article_modified_time":"2026-05-08T14:58:24+00:00","og_image":[{"width":1797,"height":2560,"url":"https:\/\/gwendosavons.fr\/wp-content\/uploads\/2022\/01\/site-marocco-groupe-scaled.jpeg","type":"image\/jpeg"}],"twitter_card":"summary_large_image","twitter_misc":{"Dur\u00e9e de lecture estim\u00e9e":"2 minutes"},"schema":{"@context":"https:\/\/schema.org","@graph":[{"@type":"WebPage","@id":"https:\/\/gwendosavons.fr\/index.php\/product\/savon-marocco-a-lhuile-dargan\/","url":"https:\/\/gwendosavons.fr\/index.php\/product\/savon-marocco-a-lhuile-dargan\/","name":"Savon Marocc\u00f4 - Argan & Argile rouge - Gwendo-Savons","isPartOf":{"@id":"https:\/\/gwendosavons.fr\/#website"},"primaryImageOfPage":{"@id":"https:\/\/gwendosavons.fr\/index.php\/product\/savon-marocco-a-lhuile-dargan\/#primaryimage"},"image":{"@id":"https:\/\/gwendosavons.fr\/index.php\/product\/savon-marocco-a-lhuile-dargan\/#primaryimage"},"thumbnailUrl":"https:\/\/gwendosavons.fr\/wp-content\/uploads\/2022\/01\/site-marocco-groupe-scaled.jpeg","datePublished":"2022-01-27T18:22:06+00:00","dateModified":"2026-05-08T14:58:24+00:00","breadcrumb":{"@id":"https:\/\/gwendosavons.fr\/index.php\/product\/savon-marocco-a-lhuile-dargan\/#breadcrumb"},"inLanguage":"fr-FR","potentialAction":[{"@type":"ReadAction","target":["https:\/\/gwendosavons.fr\/index.php\/product\/savon-marocco-a-lhuile-dargan\/"]}]},{"@type":"ImageObject","inLanguage":"fr-FR","@id":"https:\/\/gwendosavons.fr\/index.php\/product\/savon-marocco-a-lhuile-dargan\/#primaryimage","url":"https:\/\/gwendosavons.fr\/wp-content\/uploads\/2022\/01\/site-marocco-groupe-scaled.jpeg","contentUrl":"https:\/\/gwendosavons.fr\/wp-content\/uploads\/2022\/01\/site-marocco-groupe-scaled.jpeg","width":1797,"height":2560},{"@type":"BreadcrumbList","@id":"https:\/\/gwendosavons.fr\/index.php\/product\/savon-marocco-a-lhuile-dargan\/#breadcrumb","itemListElement":[{"@type":"ListItem","position":1,"name":"Home","item":"https:\/\/gwendosavons.fr\/"},{"@type":"ListItem","position":2,"name":"Produits","item":"https:\/\/gwendosavons.fr\/index.php\/shop\/"},{"@type":"ListItem","position":3,"name":"Savon Marocc\u00f4 &#8211; Argan &#038; Argile rouge"}]},{"@type":"WebSite","@id":"https:\/\/gwendosavons.fr\/#website","url":"https:\/\/gwendosavons.fr\/","name":"Gwendo-Savons","description":"","publisher":{"@id":"https:\/\/gwendosavons.fr\/#organization"},"potentialAction":[{"@type":"SearchAction","target":{"@type":"EntryPoint","urlTemplate":"https:\/\/gwendosavons.fr\/?s={search_term_string}"},"query-input":"required name=search_term_string"}],"inLanguage":"fr-FR"},{"@type":"Organization","@id":"https:\/\/gwendosavons.fr\/#organization","name":"Gwendo-Savons","url":"https:\/\/gwendosavons.fr\/","logo":{"@type":"ImageObject","inLanguage":"fr-FR","@id":"https:\/\/gwendosavons.fr\/#\/schema\/logo\/image\/","url":"https:\/\/gwendosavons.fr\/wp-content\/uploads\/2020\/12\/cropped-Capture-logo.jpg","contentUrl":"https:\/\/gwendosavons.fr\/wp-content\/uploads\/2020\/12\/cropped-Capture-logo.jpg","width":278,"height":185,"caption":"Gwendo-Savons"},"image":{"@id":"https:\/\/gwendosavons.fr\/#\/schema\/logo\/image\/"}}]}},"_links":{"self":[{"href":"https:\/\/gwendosavons.fr\/index.php\/wp-json\/wp\/v2\/product\/57"}],"collection":[{"href":"https:\/\/gwendosavons.fr\/index.php\/wp-json\/wp\/v2\/product"}],"about":[{"href":"https:\/\/gwendosavons.fr\/index.php\/wp-json\/wp\/v2\/types\/product"}],"replies":[{"embeddable":true,"href":"https:\/\/gwendosavons.fr\/index.php\/wp-json\/wp\/v2\/comments?post=57"}],"version-history":[{"count":2,"href":"https:\/\/gwendosavons.fr\/index.php\/wp-json\/wp\/v2\/product\/57\/revisions"}],"predecessor-version":[{"id":123,"href":"https:\/\/gwendosavons.fr\/index.php\/wp-json\/wp\/v2\/product\/57\/revisions\/123"}],"wp:featuredmedia":[{"embeddable":true,"href":"https:\/\/gwendosavons.fr\/index.php\/wp-json\/wp\/v2\/media\/816"}],"wp:attachment":[{"href":"https:\/\/gwendosavons.fr\/index.php\/wp-json\/wp\/v2\/media?parent=57"}],"wp:term":[{"taxonomy":"product_cat","embeddable":true,"href":"https:\/\/gwendosavons.fr\/index.php\/wp-json\/wp\/v2\/product_cat?post=57"},{"taxonomy":"product_tag","embeddable":true,"href":"https:\/\/gwendosavons.fr\/index.php\/wp-json\/wp\/v2\/product_tag?post=57"}],"curies":[{"name":"wp","href":"https:\/\/api.w.org\/{rel}","templated":true}]}}