{"id":61,"date":"2022-01-27T18:23:30","date_gmt":"2022-01-27T18:23:30","guid":{"rendered":"https:\/\/gwendosavons.fr\/?post_type=product&#038;p=61"},"modified":"2024-03-09T15:54:54","modified_gmt":"2024-03-09T15:54:54","slug":"savon-omel-au-miel-et-cire-dabeille","status":"publish","type":"product","link":"https:\/\/gwendosavons.fr\/index.php\/product\/savon-omel-au-miel-et-cire-dabeille\/","title":{"rendered":"Savon \u00d4&rsquo;MEL &#8211; Miel &#038; Cire d&rsquo;abeille"},"content":{"rendered":"<p>Un savon <em><strong>tout doux<\/strong><\/em> \u00e0 l\u2019odeur sucr\u00e9e,<\/p>\n<p>Convient pour toutes les peaux, sans parfum.<\/p>\n<p><em><strong>Le miel<\/strong><\/em> est un <strong><em>cicatrisant naturel,<\/em><\/strong> c\u2019est un excellent alli\u00e9 pour votre peau, un ingr\u00e9dient phare dans les cosm\u00e9tiques. L\u2019huile d\u2019Olive, quant \u00e0 elle, est un excellent atout pour <em><strong>les peaux r\u00e9actives<\/strong><\/em> car elle <strong>calme<\/strong> et <strong>apaise<\/strong> les rougeurs et irritations.<\/p>\n<p>Le savon <strong>\u00d4\u2019Mel<\/strong>, <strong>riche en huile d\u2019Olive et beurre de Karit\u00e9 associ\u00e9 au Miel<\/strong>, sera votre meilleur alli\u00e9 pour prot\u00e9ger votre peau contre les intemp\u00e9ries ext\u00e9rieures . Leurs propri\u00e9t\u00e9s <em><strong>nourrissantes<\/strong><\/em> et\u00a0 <strong><em>adoucissantes<\/em><\/strong>\u00a0 offrent \u00e0 votre peau toute la <em><strong>douceur<\/strong><\/em> n\u00e9cessaire.<\/p>\n<p>Compos\u00e9 d&rsquo;huile d&rsquo;Olive <strong>Bio<\/strong>, de beurre de Karit\u00e9 <strong>Bio<\/strong>, d\u2019huile de Coco <strong>Bio<\/strong>, de Cire d&rsquo;abeille <strong>(producteur local)<\/strong>, \u00a0de Miel <strong>(producteur local)<\/strong>, \u00a0d\u2019 eau, \u00a0de glyc\u00e9rine (issue de la saponification).<\/p>\n<p><em><strong>Surgras \u00e0 7%<\/strong><\/em><\/p>\n<p>Poids : 100 g (disponible en version Fleur de 75 g)<\/p>\n<p>Ce savon peut-\u00eatre utilis\u00e9 pour votre corps mais aussi pour le visage, \u00e9viter cependant d\u2019ouvrir les yeux, car ils vous piqueront.<\/p>\n<p>Bien \u00e9goutter le savon sur un porte-savon apr\u00e8s chaque utilisation.<\/p>\n<p>\u00c0 conserver \u00e0 l&rsquo;abri de la lumi\u00e8re, de la chaleur et de l&rsquo;humidit\u00e9.<\/p>\n<p>Ingr\u00e9dients et <em><strong>sa traduction<\/strong> <\/em>:<\/p>\n<p>Ingr\u00e9dients : Sodium Olivate <em><strong>(Huile d&rsquo;Olive Saponifi\u00e9e)<\/strong><\/em>, Sodium Shea Butterate <strong><em>(Beurre de Karit\u00e9 Saponifi\u00e9)<\/em><\/strong>, Sodium Cocoate <strong><em>(Huile de coco saponifi\u00e9e)<\/em><\/strong>, Aqua <strong><em>(eau)<\/em><\/strong>, Glycerin <em><strong>(Glyc\u00e9rine)<\/strong><\/em>, Olea Europaea Fruit Oil <em><strong>(Huile d&rsquo;Olive)<\/strong><\/em>, Sodium Beeswax <em><strong>(Cire d&rsquo;abeille saponifi\u00e9e)<\/strong><\/em>, Butyrospermum Parkii Butter <strong><em>(Beurre de Karit\u00e9)<\/em><\/strong>, Mel (Miel), Cocos Nucifera Oil <strong><em>(Huile de Coco)<\/em><\/strong>, Cera Alba <em><strong>(Cire d&rsquo;abeille).<\/strong><\/em><\/p>\n<div><\/div>\n","protected":false},"excerpt":{"rendered":"<p>Un savon tout doux pour toutes les peaux !<\/p>\n","protected":false},"featured_media":824,"comment_status":"open","ping_status":"closed","template":"","meta":[],"product_cat":[72],"product_tag":[],"yoast_head":"<!-- This site is optimized with the Yoast SEO plugin v22.4 - https:\/\/yoast.com\/wordpress\/plugins\/seo\/ -->\n<title>Savon \u00d4&#039;MEL - Miel &amp; Cire d&#039;abeille - Gwendo-Savons<\/title>\n<meta name=\"robots\" content=\"index, follow, max-snippet:-1, max-image-preview:large, max-video-preview:-1\" \/>\n<link rel=\"canonical\" href=\"https:\/\/gwendosavons.fr\/index.php\/product\/savon-omel-au-miel-et-cire-dabeille\/\" \/>\n<meta property=\"og:locale\" content=\"fr_FR\" \/>\n<meta property=\"og:type\" content=\"article\" \/>\n<meta property=\"og:title\" content=\"Savon \u00d4&#039;MEL - Miel &amp; Cire d&#039;abeille - Gwendo-Savons\" \/>\n<meta property=\"og:description\" content=\"Un savon tout doux pour toutes les peaux !\" \/>\n<meta property=\"og:url\" content=\"https:\/\/gwendosavons.fr\/index.php\/product\/savon-omel-au-miel-et-cire-dabeille\/\" \/>\n<meta property=\"og:site_name\" content=\"Gwendo-Savons\" \/>\n<meta property=\"article:modified_time\" content=\"2024-03-09T15:54:54+00:00\" \/>\n<meta property=\"og:image\" content=\"https:\/\/gwendosavons.fr\/wp-content\/uploads\/2022\/01\/site-omel-groupe-scaled.jpeg\" \/>\n\t<meta property=\"og:image:width\" content=\"1770\" \/>\n\t<meta property=\"og:image:height\" content=\"2560\" \/>\n\t<meta property=\"og:image:type\" content=\"image\/jpeg\" \/>\n<meta name=\"twitter:card\" content=\"summary_large_image\" \/>\n<meta name=\"twitter:label1\" content=\"Dur\u00e9e de lecture estim\u00e9e\" \/>\n\t<meta name=\"twitter:data1\" content=\"2 minutes\" \/>\n<script type=\"application\/ld+json\" class=\"yoast-schema-graph\">{\"@context\":\"https:\/\/schema.org\",\"@graph\":[{\"@type\":\"WebPage\",\"@id\":\"https:\/\/gwendosavons.fr\/index.php\/product\/savon-omel-au-miel-et-cire-dabeille\/\",\"url\":\"https:\/\/gwendosavons.fr\/index.php\/product\/savon-omel-au-miel-et-cire-dabeille\/\",\"name\":\"Savon \u00d4'MEL - Miel & Cire d'abeille - Gwendo-Savons\",\"isPartOf\":{\"@id\":\"https:\/\/gwendosavons.fr\/#website\"},\"primaryImageOfPage\":{\"@id\":\"https:\/\/gwendosavons.fr\/index.php\/product\/savon-omel-au-miel-et-cire-dabeille\/#primaryimage\"},\"image\":{\"@id\":\"https:\/\/gwendosavons.fr\/index.php\/product\/savon-omel-au-miel-et-cire-dabeille\/#primaryimage\"},\"thumbnailUrl\":\"https:\/\/gwendosavons.fr\/wp-content\/uploads\/2022\/01\/site-omel-groupe-scaled.jpeg\",\"datePublished\":\"2022-01-27T18:23:30+00:00\",\"dateModified\":\"2024-03-09T15:54:54+00:00\",\"breadcrumb\":{\"@id\":\"https:\/\/gwendosavons.fr\/index.php\/product\/savon-omel-au-miel-et-cire-dabeille\/#breadcrumb\"},\"inLanguage\":\"fr-FR\",\"potentialAction\":[{\"@type\":\"ReadAction\",\"target\":[\"https:\/\/gwendosavons.fr\/index.php\/product\/savon-omel-au-miel-et-cire-dabeille\/\"]}]},{\"@type\":\"ImageObject\",\"inLanguage\":\"fr-FR\",\"@id\":\"https:\/\/gwendosavons.fr\/index.php\/product\/savon-omel-au-miel-et-cire-dabeille\/#primaryimage\",\"url\":\"https:\/\/gwendosavons.fr\/wp-content\/uploads\/2022\/01\/site-omel-groupe-scaled.jpeg\",\"contentUrl\":\"https:\/\/gwendosavons.fr\/wp-content\/uploads\/2022\/01\/site-omel-groupe-scaled.jpeg\",\"width\":1770,\"height\":2560},{\"@type\":\"BreadcrumbList\",\"@id\":\"https:\/\/gwendosavons.fr\/index.php\/product\/savon-omel-au-miel-et-cire-dabeille\/#breadcrumb\",\"itemListElement\":[{\"@type\":\"ListItem\",\"position\":1,\"name\":\"Home\",\"item\":\"https:\/\/gwendosavons.fr\/\"},{\"@type\":\"ListItem\",\"position\":2,\"name\":\"Produits\",\"item\":\"https:\/\/gwendosavons.fr\/index.php\/shop\/\"},{\"@type\":\"ListItem\",\"position\":3,\"name\":\"Savon \u00d4&rsquo;MEL &#8211; Miel &#038; Cire d&rsquo;abeille\"}]},{\"@type\":\"WebSite\",\"@id\":\"https:\/\/gwendosavons.fr\/#website\",\"url\":\"https:\/\/gwendosavons.fr\/\",\"name\":\"Gwendo-Savons\",\"description\":\"\",\"publisher\":{\"@id\":\"https:\/\/gwendosavons.fr\/#organization\"},\"potentialAction\":[{\"@type\":\"SearchAction\",\"target\":{\"@type\":\"EntryPoint\",\"urlTemplate\":\"https:\/\/gwendosavons.fr\/?s={search_term_string}\"},\"query-input\":\"required name=search_term_string\"}],\"inLanguage\":\"fr-FR\"},{\"@type\":\"Organization\",\"@id\":\"https:\/\/gwendosavons.fr\/#organization\",\"name\":\"Gwendo-Savons\",\"url\":\"https:\/\/gwendosavons.fr\/\",\"logo\":{\"@type\":\"ImageObject\",\"inLanguage\":\"fr-FR\",\"@id\":\"https:\/\/gwendosavons.fr\/#\/schema\/logo\/image\/\",\"url\":\"https:\/\/gwendosavons.fr\/wp-content\/uploads\/2020\/12\/cropped-Capture-logo.jpg\",\"contentUrl\":\"https:\/\/gwendosavons.fr\/wp-content\/uploads\/2020\/12\/cropped-Capture-logo.jpg\",\"width\":278,\"height\":185,\"caption\":\"Gwendo-Savons\"},\"image\":{\"@id\":\"https:\/\/gwendosavons.fr\/#\/schema\/logo\/image\/\"}}]}<\/script>\n<!-- \/ Yoast SEO plugin. -->","yoast_head_json":{"title":"Savon \u00d4'MEL - Miel & Cire d'abeille - Gwendo-Savons","robots":{"index":"index","follow":"follow","max-snippet":"max-snippet:-1","max-image-preview":"max-image-preview:large","max-video-preview":"max-video-preview:-1"},"canonical":"https:\/\/gwendosavons.fr\/index.php\/product\/savon-omel-au-miel-et-cire-dabeille\/","og_locale":"fr_FR","og_type":"article","og_title":"Savon \u00d4'MEL - Miel & Cire d'abeille - Gwendo-Savons","og_description":"Un savon tout doux pour toutes les peaux !","og_url":"https:\/\/gwendosavons.fr\/index.php\/product\/savon-omel-au-miel-et-cire-dabeille\/","og_site_name":"Gwendo-Savons","article_modified_time":"2024-03-09T15:54:54+00:00","og_image":[{"width":1770,"height":2560,"url":"https:\/\/gwendosavons.fr\/wp-content\/uploads\/2022\/01\/site-omel-groupe-scaled.jpeg","type":"image\/jpeg"}],"twitter_card":"summary_large_image","twitter_misc":{"Dur\u00e9e de lecture estim\u00e9e":"2 minutes"},"schema":{"@context":"https:\/\/schema.org","@graph":[{"@type":"WebPage","@id":"https:\/\/gwendosavons.fr\/index.php\/product\/savon-omel-au-miel-et-cire-dabeille\/","url":"https:\/\/gwendosavons.fr\/index.php\/product\/savon-omel-au-miel-et-cire-dabeille\/","name":"Savon \u00d4'MEL - Miel & Cire d'abeille - Gwendo-Savons","isPartOf":{"@id":"https:\/\/gwendosavons.fr\/#website"},"primaryImageOfPage":{"@id":"https:\/\/gwendosavons.fr\/index.php\/product\/savon-omel-au-miel-et-cire-dabeille\/#primaryimage"},"image":{"@id":"https:\/\/gwendosavons.fr\/index.php\/product\/savon-omel-au-miel-et-cire-dabeille\/#primaryimage"},"thumbnailUrl":"https:\/\/gwendosavons.fr\/wp-content\/uploads\/2022\/01\/site-omel-groupe-scaled.jpeg","datePublished":"2022-01-27T18:23:30+00:00","dateModified":"2024-03-09T15:54:54+00:00","breadcrumb":{"@id":"https:\/\/gwendosavons.fr\/index.php\/product\/savon-omel-au-miel-et-cire-dabeille\/#breadcrumb"},"inLanguage":"fr-FR","potentialAction":[{"@type":"ReadAction","target":["https:\/\/gwendosavons.fr\/index.php\/product\/savon-omel-au-miel-et-cire-dabeille\/"]}]},{"@type":"ImageObject","inLanguage":"fr-FR","@id":"https:\/\/gwendosavons.fr\/index.php\/product\/savon-omel-au-miel-et-cire-dabeille\/#primaryimage","url":"https:\/\/gwendosavons.fr\/wp-content\/uploads\/2022\/01\/site-omel-groupe-scaled.jpeg","contentUrl":"https:\/\/gwendosavons.fr\/wp-content\/uploads\/2022\/01\/site-omel-groupe-scaled.jpeg","width":1770,"height":2560},{"@type":"BreadcrumbList","@id":"https:\/\/gwendosavons.fr\/index.php\/product\/savon-omel-au-miel-et-cire-dabeille\/#breadcrumb","itemListElement":[{"@type":"ListItem","position":1,"name":"Home","item":"https:\/\/gwendosavons.fr\/"},{"@type":"ListItem","position":2,"name":"Produits","item":"https:\/\/gwendosavons.fr\/index.php\/shop\/"},{"@type":"ListItem","position":3,"name":"Savon \u00d4&rsquo;MEL &#8211; Miel &#038; Cire d&rsquo;abeille"}]},{"@type":"WebSite","@id":"https:\/\/gwendosavons.fr\/#website","url":"https:\/\/gwendosavons.fr\/","name":"Gwendo-Savons","description":"","publisher":{"@id":"https:\/\/gwendosavons.fr\/#organization"},"potentialAction":[{"@type":"SearchAction","target":{"@type":"EntryPoint","urlTemplate":"https:\/\/gwendosavons.fr\/?s={search_term_string}"},"query-input":"required name=search_term_string"}],"inLanguage":"fr-FR"},{"@type":"Organization","@id":"https:\/\/gwendosavons.fr\/#organization","name":"Gwendo-Savons","url":"https:\/\/gwendosavons.fr\/","logo":{"@type":"ImageObject","inLanguage":"fr-FR","@id":"https:\/\/gwendosavons.fr\/#\/schema\/logo\/image\/","url":"https:\/\/gwendosavons.fr\/wp-content\/uploads\/2020\/12\/cropped-Capture-logo.jpg","contentUrl":"https:\/\/gwendosavons.fr\/wp-content\/uploads\/2020\/12\/cropped-Capture-logo.jpg","width":278,"height":185,"caption":"Gwendo-Savons"},"image":{"@id":"https:\/\/gwendosavons.fr\/#\/schema\/logo\/image\/"}}]}},"_links":{"self":[{"href":"https:\/\/gwendosavons.fr\/index.php\/wp-json\/wp\/v2\/product\/61"}],"collection":[{"href":"https:\/\/gwendosavons.fr\/index.php\/wp-json\/wp\/v2\/product"}],"about":[{"href":"https:\/\/gwendosavons.fr\/index.php\/wp-json\/wp\/v2\/types\/product"}],"replies":[{"embeddable":true,"href":"https:\/\/gwendosavons.fr\/index.php\/wp-json\/wp\/v2\/comments?post=61"}],"version-history":[{"count":2,"href":"https:\/\/gwendosavons.fr\/index.php\/wp-json\/wp\/v2\/product\/61\/revisions"}],"predecessor-version":[{"id":365,"href":"https:\/\/gwendosavons.fr\/index.php\/wp-json\/wp\/v2\/product\/61\/revisions\/365"}],"wp:featuredmedia":[{"embeddable":true,"href":"https:\/\/gwendosavons.fr\/index.php\/wp-json\/wp\/v2\/media\/824"}],"wp:attachment":[{"href":"https:\/\/gwendosavons.fr\/index.php\/wp-json\/wp\/v2\/media?parent=61"}],"wp:term":[{"taxonomy":"product_cat","embeddable":true,"href":"https:\/\/gwendosavons.fr\/index.php\/wp-json\/wp\/v2\/product_cat?post=61"},{"taxonomy":"product_tag","embeddable":true,"href":"https:\/\/gwendosavons.fr\/index.php\/wp-json\/wp\/v2\/product_tag?post=61"}],"curies":[{"name":"wp","href":"https:\/\/api.w.org\/{rel}","templated":true}]}}