{"id":680,"date":"2023-11-13T14:53:54","date_gmt":"2023-11-13T14:53:54","guid":{"rendered":"https:\/\/gwendosavons.fr\/?post_type=product&#038;p=680"},"modified":"2026-03-29T05:21:42","modified_gmt":"2026-03-29T05:21:42","slug":"savons-liquides-fleur-doranger","status":"publish","type":"product","link":"https:\/\/gwendosavons.fr\/index.php\/product\/savons-liquides-fleur-doranger\/","title":{"rendered":"Savon liquide Fleur d&rsquo;Oranger"},"content":{"rendered":"<p>Ce savon liquide naturel, fabriqu\u00e9 \u00e0 base d&rsquo;huile de colza, de coco et d&rsquo;olive, d\u00e9licatement parfum\u00e9 \u00e0 la fleur d&rsquo;oranger est un produit doux et hydratant pour la peau. Ces trois huiles sont riches en acides gras essentiels et en antioxydants, ce qui contribue \u00e0 nourrir et \u00e0 prot\u00e9ger la peau.<\/p>\n<p>L&rsquo;huile de colza est connue pour ses propri\u00e9t\u00e9s \u00e9mollientes et apaisantes, tandis que l&rsquo;huile de coco poss\u00e8de des vertus antimicrobiennes qui aident \u00e0 nettoyer en profondeur la peau. Quant \u00e0 l&rsquo;huile d&rsquo;olive, elle prot\u00e8ge et assouplie la peau.<\/p>\n<p>La fleur d&rsquo;oranger, quant \u00e0 elle, offre un parfum d\u00e9licat et relaxant, propice \u00e0 la d\u00e9tente et \u00e0 la relaxation gr\u00e2ce \u00e0 son parfum doux et floral.<\/p>\n<p>Ce savon liquide naturel est id\u00e9al pour une utilisation quotidienne, sous la douche ou pour se laver les mains. Il convient \u00e0 tous les types de peau, y compris les peaux sensibles, gr\u00e2ce \u00e0 sa composition naturelle et douce, respectueux de votre peau et de l&rsquo;environnement.<\/p>\n<p>Liste des Ingr\u00e9dients :<\/p>\n","protected":false},"excerpt":{"rendered":"<p>Ce savon liquide naturel, fabriqu\u00e9 \u00e0 base d&rsquo;huile de colza, de coco et d&rsquo;olive, d\u00e9licatement parfum\u00e9 \u00e0 la fleur d&rsquo;oranger est un produit doux et hydratant pour la peau. Ces<\/p>\n","protected":false},"featured_media":682,"comment_status":"open","ping_status":"closed","template":"","meta":[],"product_cat":[71,61],"product_tag":[78,66],"yoast_head":"<!-- This site is optimized with the Yoast SEO plugin v22.4 - https:\/\/yoast.com\/wordpress\/plugins\/seo\/ -->\n<title>Savon liquide Fleur d&#039;Oranger - Gwendo-Savons<\/title>\n<meta name=\"robots\" content=\"index, follow, max-snippet:-1, max-image-preview:large, max-video-preview:-1\" \/>\n<link rel=\"canonical\" href=\"https:\/\/gwendosavons.fr\/index.php\/product\/savons-liquides-fleur-doranger\/\" \/>\n<meta property=\"og:locale\" content=\"fr_FR\" \/>\n<meta property=\"og:type\" content=\"article\" \/>\n<meta property=\"og:title\" content=\"Savon liquide Fleur d&#039;Oranger - Gwendo-Savons\" \/>\n<meta property=\"og:description\" content=\"Ce savon liquide naturel, fabriqu\u00e9 \u00e0 base d&rsquo;huile de colza, de coco et d&rsquo;olive, d\u00e9licatement parfum\u00e9 \u00e0 la fleur d&rsquo;oranger est un produit doux et hydratant pour la peau. Ces\" \/>\n<meta property=\"og:url\" content=\"https:\/\/gwendosavons.fr\/index.php\/product\/savons-liquides-fleur-doranger\/\" \/>\n<meta property=\"og:site_name\" content=\"Gwendo-Savons\" \/>\n<meta property=\"article:modified_time\" content=\"2026-03-29T05:21:42+00:00\" \/>\n<meta property=\"og:image\" content=\"https:\/\/gwendosavons.fr\/wp-content\/uploads\/2023\/11\/savon-liquide-tous-scaled.jpg\" \/>\n\t<meta property=\"og:image:width\" content=\"1818\" \/>\n\t<meta property=\"og:image:height\" content=\"2560\" \/>\n\t<meta property=\"og:image:type\" content=\"image\/jpeg\" \/>\n<meta name=\"twitter:card\" content=\"summary_large_image\" \/>\n<meta name=\"twitter:label1\" content=\"Dur\u00e9e de lecture estim\u00e9e\" \/>\n\t<meta name=\"twitter:data1\" content=\"1 minute\" \/>\n<script type=\"application\/ld+json\" class=\"yoast-schema-graph\">{\"@context\":\"https:\/\/schema.org\",\"@graph\":[{\"@type\":\"WebPage\",\"@id\":\"https:\/\/gwendosavons.fr\/index.php\/product\/savons-liquides-fleur-doranger\/\",\"url\":\"https:\/\/gwendosavons.fr\/index.php\/product\/savons-liquides-fleur-doranger\/\",\"name\":\"Savon liquide Fleur d'Oranger - Gwendo-Savons\",\"isPartOf\":{\"@id\":\"https:\/\/gwendosavons.fr\/#website\"},\"primaryImageOfPage\":{\"@id\":\"https:\/\/gwendosavons.fr\/index.php\/product\/savons-liquides-fleur-doranger\/#primaryimage\"},\"image\":{\"@id\":\"https:\/\/gwendosavons.fr\/index.php\/product\/savons-liquides-fleur-doranger\/#primaryimage\"},\"thumbnailUrl\":\"https:\/\/gwendosavons.fr\/wp-content\/uploads\/2023\/11\/savon-liquide-tous-scaled.jpg\",\"datePublished\":\"2023-11-13T14:53:54+00:00\",\"dateModified\":\"2026-03-29T05:21:42+00:00\",\"breadcrumb\":{\"@id\":\"https:\/\/gwendosavons.fr\/index.php\/product\/savons-liquides-fleur-doranger\/#breadcrumb\"},\"inLanguage\":\"fr-FR\",\"potentialAction\":[{\"@type\":\"ReadAction\",\"target\":[\"https:\/\/gwendosavons.fr\/index.php\/product\/savons-liquides-fleur-doranger\/\"]}]},{\"@type\":\"ImageObject\",\"inLanguage\":\"fr-FR\",\"@id\":\"https:\/\/gwendosavons.fr\/index.php\/product\/savons-liquides-fleur-doranger\/#primaryimage\",\"url\":\"https:\/\/gwendosavons.fr\/wp-content\/uploads\/2023\/11\/savon-liquide-tous-scaled.jpg\",\"contentUrl\":\"https:\/\/gwendosavons.fr\/wp-content\/uploads\/2023\/11\/savon-liquide-tous-scaled.jpg\",\"width\":1818,\"height\":2560},{\"@type\":\"BreadcrumbList\",\"@id\":\"https:\/\/gwendosavons.fr\/index.php\/product\/savons-liquides-fleur-doranger\/#breadcrumb\",\"itemListElement\":[{\"@type\":\"ListItem\",\"position\":1,\"name\":\"Home\",\"item\":\"https:\/\/gwendosavons.fr\/\"},{\"@type\":\"ListItem\",\"position\":2,\"name\":\"Produits\",\"item\":\"https:\/\/gwendosavons.fr\/index.php\/shop\/\"},{\"@type\":\"ListItem\",\"position\":3,\"name\":\"Savon liquide Fleur d&rsquo;Oranger\"}]},{\"@type\":\"WebSite\",\"@id\":\"https:\/\/gwendosavons.fr\/#website\",\"url\":\"https:\/\/gwendosavons.fr\/\",\"name\":\"Gwendo-Savons\",\"description\":\"\",\"publisher\":{\"@id\":\"https:\/\/gwendosavons.fr\/#organization\"},\"potentialAction\":[{\"@type\":\"SearchAction\",\"target\":{\"@type\":\"EntryPoint\",\"urlTemplate\":\"https:\/\/gwendosavons.fr\/?s={search_term_string}\"},\"query-input\":\"required name=search_term_string\"}],\"inLanguage\":\"fr-FR\"},{\"@type\":\"Organization\",\"@id\":\"https:\/\/gwendosavons.fr\/#organization\",\"name\":\"Gwendo-Savons\",\"url\":\"https:\/\/gwendosavons.fr\/\",\"logo\":{\"@type\":\"ImageObject\",\"inLanguage\":\"fr-FR\",\"@id\":\"https:\/\/gwendosavons.fr\/#\/schema\/logo\/image\/\",\"url\":\"https:\/\/gwendosavons.fr\/wp-content\/uploads\/2020\/12\/cropped-Capture-logo.jpg\",\"contentUrl\":\"https:\/\/gwendosavons.fr\/wp-content\/uploads\/2020\/12\/cropped-Capture-logo.jpg\",\"width\":278,\"height\":185,\"caption\":\"Gwendo-Savons\"},\"image\":{\"@id\":\"https:\/\/gwendosavons.fr\/#\/schema\/logo\/image\/\"}}]}<\/script>\n<!-- \/ Yoast SEO plugin. -->","yoast_head_json":{"title":"Savon liquide Fleur d'Oranger - Gwendo-Savons","robots":{"index":"index","follow":"follow","max-snippet":"max-snippet:-1","max-image-preview":"max-image-preview:large","max-video-preview":"max-video-preview:-1"},"canonical":"https:\/\/gwendosavons.fr\/index.php\/product\/savons-liquides-fleur-doranger\/","og_locale":"fr_FR","og_type":"article","og_title":"Savon liquide Fleur d'Oranger - Gwendo-Savons","og_description":"Ce savon liquide naturel, fabriqu\u00e9 \u00e0 base d&rsquo;huile de colza, de coco et d&rsquo;olive, d\u00e9licatement parfum\u00e9 \u00e0 la fleur d&rsquo;oranger est un produit doux et hydratant pour la peau. Ces","og_url":"https:\/\/gwendosavons.fr\/index.php\/product\/savons-liquides-fleur-doranger\/","og_site_name":"Gwendo-Savons","article_modified_time":"2026-03-29T05:21:42+00:00","og_image":[{"width":1818,"height":2560,"url":"https:\/\/gwendosavons.fr\/wp-content\/uploads\/2023\/11\/savon-liquide-tous-scaled.jpg","type":"image\/jpeg"}],"twitter_card":"summary_large_image","twitter_misc":{"Dur\u00e9e de lecture estim\u00e9e":"1 minute"},"schema":{"@context":"https:\/\/schema.org","@graph":[{"@type":"WebPage","@id":"https:\/\/gwendosavons.fr\/index.php\/product\/savons-liquides-fleur-doranger\/","url":"https:\/\/gwendosavons.fr\/index.php\/product\/savons-liquides-fleur-doranger\/","name":"Savon liquide Fleur d'Oranger - Gwendo-Savons","isPartOf":{"@id":"https:\/\/gwendosavons.fr\/#website"},"primaryImageOfPage":{"@id":"https:\/\/gwendosavons.fr\/index.php\/product\/savons-liquides-fleur-doranger\/#primaryimage"},"image":{"@id":"https:\/\/gwendosavons.fr\/index.php\/product\/savons-liquides-fleur-doranger\/#primaryimage"},"thumbnailUrl":"https:\/\/gwendosavons.fr\/wp-content\/uploads\/2023\/11\/savon-liquide-tous-scaled.jpg","datePublished":"2023-11-13T14:53:54+00:00","dateModified":"2026-03-29T05:21:42+00:00","breadcrumb":{"@id":"https:\/\/gwendosavons.fr\/index.php\/product\/savons-liquides-fleur-doranger\/#breadcrumb"},"inLanguage":"fr-FR","potentialAction":[{"@type":"ReadAction","target":["https:\/\/gwendosavons.fr\/index.php\/product\/savons-liquides-fleur-doranger\/"]}]},{"@type":"ImageObject","inLanguage":"fr-FR","@id":"https:\/\/gwendosavons.fr\/index.php\/product\/savons-liquides-fleur-doranger\/#primaryimage","url":"https:\/\/gwendosavons.fr\/wp-content\/uploads\/2023\/11\/savon-liquide-tous-scaled.jpg","contentUrl":"https:\/\/gwendosavons.fr\/wp-content\/uploads\/2023\/11\/savon-liquide-tous-scaled.jpg","width":1818,"height":2560},{"@type":"BreadcrumbList","@id":"https:\/\/gwendosavons.fr\/index.php\/product\/savons-liquides-fleur-doranger\/#breadcrumb","itemListElement":[{"@type":"ListItem","position":1,"name":"Home","item":"https:\/\/gwendosavons.fr\/"},{"@type":"ListItem","position":2,"name":"Produits","item":"https:\/\/gwendosavons.fr\/index.php\/shop\/"},{"@type":"ListItem","position":3,"name":"Savon liquide Fleur d&rsquo;Oranger"}]},{"@type":"WebSite","@id":"https:\/\/gwendosavons.fr\/#website","url":"https:\/\/gwendosavons.fr\/","name":"Gwendo-Savons","description":"","publisher":{"@id":"https:\/\/gwendosavons.fr\/#organization"},"potentialAction":[{"@type":"SearchAction","target":{"@type":"EntryPoint","urlTemplate":"https:\/\/gwendosavons.fr\/?s={search_term_string}"},"query-input":"required name=search_term_string"}],"inLanguage":"fr-FR"},{"@type":"Organization","@id":"https:\/\/gwendosavons.fr\/#organization","name":"Gwendo-Savons","url":"https:\/\/gwendosavons.fr\/","logo":{"@type":"ImageObject","inLanguage":"fr-FR","@id":"https:\/\/gwendosavons.fr\/#\/schema\/logo\/image\/","url":"https:\/\/gwendosavons.fr\/wp-content\/uploads\/2020\/12\/cropped-Capture-logo.jpg","contentUrl":"https:\/\/gwendosavons.fr\/wp-content\/uploads\/2020\/12\/cropped-Capture-logo.jpg","width":278,"height":185,"caption":"Gwendo-Savons"},"image":{"@id":"https:\/\/gwendosavons.fr\/#\/schema\/logo\/image\/"}}]}},"_links":{"self":[{"href":"https:\/\/gwendosavons.fr\/index.php\/wp-json\/wp\/v2\/product\/680"}],"collection":[{"href":"https:\/\/gwendosavons.fr\/index.php\/wp-json\/wp\/v2\/product"}],"about":[{"href":"https:\/\/gwendosavons.fr\/index.php\/wp-json\/wp\/v2\/types\/product"}],"replies":[{"embeddable":true,"href":"https:\/\/gwendosavons.fr\/index.php\/wp-json\/wp\/v2\/comments?post=680"}],"version-history":[{"count":3,"href":"https:\/\/gwendosavons.fr\/index.php\/wp-json\/wp\/v2\/product\/680\/revisions"}],"predecessor-version":[{"id":1075,"href":"https:\/\/gwendosavons.fr\/index.php\/wp-json\/wp\/v2\/product\/680\/revisions\/1075"}],"wp:featuredmedia":[{"embeddable":true,"href":"https:\/\/gwendosavons.fr\/index.php\/wp-json\/wp\/v2\/media\/682"}],"wp:attachment":[{"href":"https:\/\/gwendosavons.fr\/index.php\/wp-json\/wp\/v2\/media?parent=680"}],"wp:term":[{"taxonomy":"product_cat","embeddable":true,"href":"https:\/\/gwendosavons.fr\/index.php\/wp-json\/wp\/v2\/product_cat?post=680"},{"taxonomy":"product_tag","embeddable":true,"href":"https:\/\/gwendosavons.fr\/index.php\/wp-json\/wp\/v2\/product_tag?post=680"}],"curies":[{"name":"wp","href":"https:\/\/api.w.org\/{rel}","templated":true}]}}